{"id":589,"date":"2025-02-19T23:43:56","date_gmt":"2025-02-19T22:43:56","guid":{"rendered":"https:\/\/bbpower.pl\/?post_type=product&#038;p=589"},"modified":"2025-02-19T23:49:43","modified_gmt":"2025-02-19T22:49:43","slug":"zcl-32-czarna","status":"publish","type":"product","link":"https:\/\/bbpower.pl\/?product=zcl-32-czarna","title":{"rendered":"Czarna z\u0142\u0105czka karbowana \u0142\u0105cznik ZCL-32 do rur RL i peszeli"},"content":{"rendered":"<div class=\"mpof_ki myre_zn myre_8v_l m389_6m_l\">\n<div class=\"mp4t_16_s mryx_16_s mr3m_1 mli2_1 mh85_56 mh85_0_l\">\n<div class=\"mg9e_8 mj7a_8 mg9e_0_s mvrt_0_s mj7a_0_s mh36_0_s mzmg_6m munh_16_l m3h2_16_l\">\n<div class=\"mp4t_0 mryx_0 munh_56 m3h2_56\">\n<div class=\"mp7g_oh\"><img decoding=\"async\" class=\"msub_k4 mupj_5k mjru_k4 mse2_k4 mp7g_f6 mq1m_0 mj7u_0 m7er_k4 lazyloaded\" src=\"https:\/\/a.allegroimg.com\/original\/1139c8\/95eaac7c4a3b80c985c1867a6f92\/Zlaczka-karbowana-lacznik-ZCL-32-rur-peszel-10szt\" sizes=\"(min-width: 1200px) 560px, (min-width: 992px) 50vw, 100vw\" srcset=\"https:\/\/a.allegroimg.com\/s360\/1139c8\/95eaac7c4a3b80c985c1867a6f92\/Zlaczka-karbowana-lacznik-ZCL-32-rur-peszel-10szt 360w,https:\/\/a.allegroimg.com\/s720\/1139c8\/95eaac7c4a3b80c985c1867a6f92\/Zlaczka-karbowana-lacznik-ZCL-32-rur-peszel-10szt 563w,https:\/\/a.allegroimg.com\/original\/1139c8\/95eaac7c4a3b80c985c1867a6f92\/Zlaczka-karbowana-lacznik-ZCL-32-rur-peszel-10szt 563w\" alt=\"Z\u0142\u0105czka karbowana \u0142\u0105cznik ZCL-32 rur peszel 10szt\" width=\"563px\" data-src=\"https:\/\/a.allegroimg.com\/original\/1139c8\/95eaac7c4a3b80c985c1867a6f92\/Zlaczka-karbowana-lacznik-ZCL-32-rur-peszel-10szt\" data-srcset=\"https:\/\/a.allegroimg.com\/s360\/1139c8\/95eaac7c4a3b80c985c1867a6f92\/Zlaczka-karbowana-lacznik-ZCL-32-rur-peszel-10szt 360w,https:\/\/a.allegroimg.com\/s720\/1139c8\/95eaac7c4a3b80c985c1867a6f92\/Zlaczka-karbowana-lacznik-ZCL-32-rur-peszel-10szt 563w,https:\/\/a.allegroimg.com\/original\/1139c8\/95eaac7c4a3b80c985c1867a6f92\/Zlaczka-karbowana-lacznik-ZCL-32-rur-peszel-10szt 563w\" \/><\/div>\n<\/div>\n<\/div>\n<\/div>\n<div class=\"mp4t_16_s mryx_16_s mr3m_1 mli2_1 mh85_56 mh85_0_l\">\n<div class=\"mgn2_16 _0d3bd_am0a-\">\n<p><b>Z\u0142\u0105czka karbowana \u0142\u0105cznik ZCL-32 do rur g\u0142adkich elektroinstalacyjnych RLM-32 i peszli<\/b><\/p>\n<p><b>Charakterystyka:<\/b><\/p>\n<ul>\n<li>Wytrzyma\u0142o\u015b\u0107 na nacisk:\u00a0<b>320 N\/5cm<\/b><\/li>\n<li>Kolor:\u00a0<b>czarny<\/b><\/li>\n<li>Ilo\u015b\u0107 w opakowaniu: 10<b>0 sztuk<\/b><\/li>\n<\/ul>\n<p>Z\u0142\u0105czki karbowane\u00a0<b>ZCL s\u0142u\u017c\u0105 do \u0142\u0105czenia<\/b>\u00a0rur lub peszli\u00a0<b>pod dowolnym k\u0105tem.<\/b><\/p>\n<\/div>\n<\/div>\n<\/div>\n<div class=\"mpof_ki myre_zn myre_8v_l m389_6m_l\">\n<div class=\"mp4t_16_s mryx_16_s mr3m_1 mli2_1 mh85_56 mh85_0_l\">\n<div class=\"mgn2_16 _0d3bd_am0a-\">\n<p><b>Z\u0142\u0105czki sprzedawane s\u0105 w opakowaniach\u00a0<\/b><b>po 10 sztuk.<\/b><\/p>\n<\/div>\n<\/div>\n<div class=\"mp4t_16_s mryx_16_s mr3m_1 mli2_1 mh85_56 mh85_0_l\">\n<div class=\"mg9e_8 mj7a_8 mg9e_0_s mvrt_0_s mj7a_0_s mh36_0_s mzmg_6m munh_16_l m3h2_16_l\">\n<div class=\"mp4t_0 mryx_0 munh_56 m3h2_56\">\n<div class=\"mp7g_oh\"><img decoding=\"async\" class=\"msub_k4 mupj_5k mjru_k4 mse2_k4 mp7g_f6 mq1m_0 mj7u_0 m7er_k4 lazyloaded\" src=\"https:\/\/a.allegroimg.com\/original\/116594\/22ec077b4c7eaca4e73f3e4648e7\/Zlaczka-karbowana-lacznik-ZCL-32-rur-peszel-10szt-EAN-GTIN-5902854561568\" sizes=\"(min-width: 1200px) 560px, (min-width: 992px) 50vw, 100vw\" srcset=\"https:\/\/a.allegroimg.com\/s360\/116594\/22ec077b4c7eaca4e73f3e4648e7\/Zlaczka-karbowana-lacznik-ZCL-32-rur-peszel-10szt-EAN-GTIN-5902854561568 103w,https:\/\/a.allegroimg.com\/s720\/116594\/22ec077b4c7eaca4e73f3e4648e7\/Zlaczka-karbowana-lacznik-ZCL-32-rur-peszel-10szt-EAN-GTIN-5902854561568 207w,https:\/\/a.allegroimg.com\/s1024\/116594\/22ec077b4c7eaca4e73f3e4648e7\/Zlaczka-karbowana-lacznik-ZCL-32-rur-peszel-10szt-EAN-GTIN-5902854561568 232w,https:\/\/a.allegroimg.com\/original\/116594\/22ec077b4c7eaca4e73f3e4648e7\/Zlaczka-karbowana-lacznik-ZCL-32-rur-peszel-10szt-EAN-GTIN-5902854561568 232w\" alt=\"Z\u0142\u0105czka karbowana \u0142\u0105cznik ZCL-32 rur peszel 10szt EAN (GTIN) 5902854561568\" width=\"232px\" data-src=\"https:\/\/a.allegroimg.com\/original\/116594\/22ec077b4c7eaca4e73f3e4648e7\/Zlaczka-karbowana-lacznik-ZCL-32-rur-peszel-10szt-EAN-GTIN-5902854561568\" data-srcset=\"https:\/\/a.allegroimg.com\/s360\/116594\/22ec077b4c7eaca4e73f3e4648e7\/Zlaczka-karbowana-lacznik-ZCL-32-rur-peszel-10szt-EAN-GTIN-5902854561568 103w,https:\/\/a.allegroimg.com\/s720\/116594\/22ec077b4c7eaca4e73f3e4648e7\/Zlaczka-karbowana-lacznik-ZCL-32-rur-peszel-10szt-EAN-GTIN-5902854561568 207w,https:\/\/a.allegroimg.com\/s1024\/116594\/22ec077b4c7eaca4e73f3e4648e7\/Zlaczka-karbowana-lacznik-ZCL-32-rur-peszel-10szt-EAN-GTIN-5902854561568 232w,https:\/\/a.allegroimg.com\/original\/116594\/22ec077b4c7eaca4e73f3e4648e7\/Zlaczka-karbowana-lacznik-ZCL-32-rur-peszel-10szt-EAN-GTIN-5902854561568 232w\" \/><\/div>\n<\/div>\n<\/div>\n<\/div>\n<\/div>\n<div class=\"mpof_ki myre_zn myre_8v_l m389_6m_l\">\n<div class=\"mp4t_16_s mryx_16_s mr3m_1 mli2_1 mh85_56 mh85_0_l\">\n<div class=\"mgn2_16 _0d3bd_am0a-\">\n<h2>Dane techniczne:<\/h2>\n<ul>\n<li><b>ROZMIAR (mm):<\/b>\u00a0\u00d832<\/li>\n<li><b>MATERIA\u0141:<\/b>\u00a0PVC-U<\/li>\n<li><b>KOLOR:<\/b>\u00a0CZARNY<\/li>\n<li><b>NACISK:<\/b>\u00a0320N\/5cm<\/li>\n<li><b>PALNO\u015a\u0106:<\/b>\u00a0V0<\/li>\n<li><b>TEMPERATURA PRACY:<\/b>\u00a0-5\/+60\u2103<\/li>\n<li><b>ODPORNO\u015a\u0106 UV:<\/b>\u00a0w klimacie umiarkowanym<\/li>\n<li><b>RoHS:<\/b>\u00a0zgodny z dyrektyw\u0105 RoHS<\/li>\n<\/ul>\n<\/div>\n<\/div>\n<div class=\"mp4t_16_s mryx_16_s mr3m_1 mli2_1 mh85_56 mh85_0_l\">\n<div class=\"mg9e_8 mj7a_8 mg9e_0_s mvrt_0_s mj7a_0_s mh36_0_s mzmg_6m munh_16_l m3h2_16_l\">\n<div class=\"mp4t_0 mryx_0 munh_56 m3h2_56\">\n<div class=\"mp7g_oh\"><img decoding=\"async\" class=\"msub_k4 mupj_5k mjru_k4 mse2_k4 mp7g_f6 mq1m_0 mj7u_0 m7er_k4 lazyloaded\" src=\"https:\/\/a.allegroimg.com\/original\/1114da\/bafbcc66429b8fbed40dc516821b\/Zlaczka-karbowana-lacznik-ZCL-32-rur-peszel-10szt-Kod-producenta-zcl32\" sizes=\"(min-width: 1200px) 560px, (min-width: 992px) 50vw, 100vw\" srcset=\"https:\/\/a.allegroimg.com\/s360\/1114da\/bafbcc66429b8fbed40dc516821b\/Zlaczka-karbowana-lacznik-ZCL-32-rur-peszel-10szt-Kod-producenta-zcl32 333w,https:\/\/a.allegroimg.com\/s720\/1114da\/bafbcc66429b8fbed40dc516821b\/Zlaczka-karbowana-lacznik-ZCL-32-rur-peszel-10szt-Kod-producenta-zcl32 409w,https:\/\/a.allegroimg.com\/original\/1114da\/bafbcc66429b8fbed40dc516821b\/Zlaczka-karbowana-lacznik-ZCL-32-rur-peszel-10szt-Kod-producenta-zcl32 409w\" alt=\"Z\u0142\u0105czka karbowana \u0142\u0105cznik ZCL-32 rur peszel 10szt Kod producenta zcl32\" width=\"409px\" data-src=\"https:\/\/a.allegroimg.com\/original\/1114da\/bafbcc66429b8fbed40dc516821b\/Zlaczka-karbowana-lacznik-ZCL-32-rur-peszel-10szt-Kod-producenta-zcl32\" data-srcset=\"https:\/\/a.allegroimg.com\/s360\/1114da\/bafbcc66429b8fbed40dc516821b\/Zlaczka-karbowana-lacznik-ZCL-32-rur-peszel-10szt-Kod-producenta-zcl32 333w,https:\/\/a.allegroimg.com\/s720\/1114da\/bafbcc66429b8fbed40dc516821b\/Zlaczka-karbowana-lacznik-ZCL-32-rur-peszel-10szt-Kod-producenta-zcl32 409w,https:\/\/a.allegroimg.com\/original\/1114da\/bafbcc66429b8fbed40dc516821b\/Zlaczka-karbowana-lacznik-ZCL-32-rur-peszel-10szt-Kod-producenta-zcl32 409w\" \/><\/div>\n<\/div>\n<\/div>\n<\/div>\n<\/div>\n<div class=\"mpof_ki myre_zn myre_8v_l m389_6m_l\">\n<div class=\"mp4t_16_s mryx_16_s mr3m_1 mli2_1 mh85_56 mh85_0_l\">\n<div class=\"mg9e_8 mj7a_8 mg9e_0_s mvrt_0_s mj7a_0_s mh36_0_s mzmg_6m munh_16_l m3h2_16_l\">\n<div class=\"mp4t_0 mryx_0 munh_56 m3h2_56\">\n<div class=\"mp7g_oh\"><img decoding=\"async\" class=\"msub_k4 mupj_5k mjru_k4 mse2_k4 mp7g_f6 mq1m_0 mj7u_0 m7er_k4 lazyloaded\" src=\"https:\/\/a.allegroimg.com\/original\/11597a\/058d403641e0ae9c4468111cf657\/Zlaczka-karbowana-lacznik-ZCL-32-rur-peszel-10szt-Marka-AKS-Zielonka\" sizes=\"100vw\" srcset=\"https:\/\/a.allegroimg.com\/s360\/11597a\/058d403641e0ae9c4468111cf657\/Zlaczka-karbowana-lacznik-ZCL-32-rur-peszel-10szt-Marka-AKS-Zielonka 276w,https:\/\/a.allegroimg.com\/s720\/11597a\/058d403641e0ae9c4468111cf657\/Zlaczka-karbowana-lacznik-ZCL-32-rur-peszel-10szt-Marka-AKS-Zielonka 512w,https:\/\/a.allegroimg.com\/original\/11597a\/058d403641e0ae9c4468111cf657\/Zlaczka-karbowana-lacznik-ZCL-32-rur-peszel-10szt-Marka-AKS-Zielonka 512w\" alt=\"Z\u0142\u0105czka karbowana \u0142\u0105cznik ZCL-32 rur peszel 10szt Marka AKS Zielonka\" width=\"512px\" data-src=\"https:\/\/a.allegroimg.com\/original\/11597a\/058d403641e0ae9c4468111cf657\/Zlaczka-karbowana-lacznik-ZCL-32-rur-peszel-10szt-Marka-AKS-Zielonka\" data-srcset=\"https:\/\/a.allegroimg.com\/s360\/11597a\/058d403641e0ae9c4468111cf657\/Zlaczka-karbowana-lacznik-ZCL-32-rur-peszel-10szt-Marka-AKS-Zielonka 276w,https:\/\/a.allegroimg.com\/s720\/11597a\/058d403641e0ae9c4468111cf657\/Zlaczka-karbowana-lacznik-ZCL-32-rur-peszel-10szt-Marka-AKS-Zielonka 512w,https:\/\/a.allegroimg.com\/original\/11597a\/058d403641e0ae9c4468111cf657\/Zlaczka-karbowana-lacznik-ZCL-32-rur-peszel-10szt-Marka-AKS-Zielonka 512w\" \/><\/div>\n<\/div>\n<\/div>\n<\/div>\n<\/div>\n","protected":false},"excerpt":{"rendered":"<p>ZCL-32 CZARNY<\/p>\n","protected":false},"featured_media":590,"comment_status":"open","ping_status":"closed","template":"","meta":[],"product_brand":[27],"product_cat":[36],"product_tag":[26,25,37],"class_list":{"0":"post-589","1":"product","2":"type-product","3":"status-publish","4":"has-post-thumbnail","6":"product_brand-aks","7":"product_cat-zlaczki","8":"product_tag-26","9":"product_tag-aks","10":"product_tag-zcl","11":"product_shipping_class-paczki-male","13":"first","14":"instock","15":"shipping-taxable","16":"purchasable","17":"product-type-simple"},"yoast_head":"<!-- This site is optimized with the Yoast SEO plugin v24.4 - https:\/\/yoast.com\/wordpress\/plugins\/seo\/ -->\n<title>Czarna z\u0142\u0105czka karbowana \u0142\u0105cznik ZCL-32 do rur RL i peszeli - BB POWER - Centrum Elektryczne | Poraj<\/title>\n<meta name=\"description\" content=\"Czarna z\u0142\u0105czka karbowana \u0142\u0105cznik ZCL-32 do rur RL i peszeli\" \/>\n<meta name=\"robots\" content=\"index, follow, max-snippet:-1, max-image-preview:large, max-video-preview:-1\" \/>\n<link rel=\"canonical\" href=\"https:\/\/bbpower.pl\/?product=zcl-32-czarna\" \/>\n<meta property=\"og:locale\" content=\"pl_PL\" \/>\n<meta property=\"og:type\" content=\"article\" \/>\n<meta property=\"og:title\" content=\"Czarna z\u0142\u0105czka karbowana \u0142\u0105cznik ZCL-32 do rur RL i peszeli - BB POWER - Centrum Elektryczne | Poraj\" \/>\n<meta property=\"og:description\" content=\"Czarna z\u0142\u0105czka karbowana \u0142\u0105cznik ZCL-32 do rur RL i peszeli\" \/>\n<meta property=\"og:url\" content=\"https:\/\/bbpower.pl\/?product=zcl-32-czarna\" \/>\n<meta property=\"og:site_name\" content=\"BB POWER - Centrum Elektryczne | Poraj\" \/>\n<meta property=\"article:publisher\" content=\"https:\/\/www.facebook.com\/profile.php?id=61564502507751\" \/>\n<meta property=\"article:modified_time\" content=\"2025-02-19T22:49:43+00:00\" \/>\n<meta property=\"og:image\" content=\"https:\/\/bbpower.pl\/wp-content\/uploads\/2025\/02\/p-aks-zielonka-zlaczka-karbowana-lacznik-zcl-32-rur-peszel-10szt.webp\" \/>\n\t<meta property=\"og:image:width\" content=\"450\" \/>\n\t<meta property=\"og:image:height\" content=\"296\" \/>\n\t<meta property=\"og:image:type\" content=\"image\/webp\" \/>\n<meta name=\"twitter:card\" content=\"summary_large_image\" \/>\n<meta name=\"twitter:label1\" content=\"Szacowany czas czytania\" \/>\n\t<meta name=\"twitter:data1\" content=\"2 minuty\" \/>\n<script type=\"application\/ld+json\" class=\"yoast-schema-graph\">{\"@context\":\"https:\/\/schema.org\",\"@graph\":[{\"@type\":\"WebPage\",\"@id\":\"https:\/\/bbpower.pl\/?product=zcl-32-czarna\",\"url\":\"https:\/\/bbpower.pl\/?product=zcl-32-czarna\",\"name\":\"Czarna z\u0142\u0105czka karbowana \u0142\u0105cznik ZCL-32 do rur RL i peszeli - BB POWER - Centrum Elektryczne | Poraj\",\"isPartOf\":{\"@id\":\"https:\/\/bbpower.pl\/#website\"},\"primaryImageOfPage\":{\"@id\":\"https:\/\/bbpower.pl\/?product=zcl-32-czarna#primaryimage\"},\"image\":{\"@id\":\"https:\/\/bbpower.pl\/?product=zcl-32-czarna#primaryimage\"},\"thumbnailUrl\":\"https:\/\/bbpower.pl\/wp-content\/uploads\/2025\/02\/p-aks-zielonka-zlaczka-karbowana-lacznik-zcl-32-rur-peszel-10szt.webp\",\"datePublished\":\"2025-02-19T22:43:56+00:00\",\"dateModified\":\"2025-02-19T22:49:43+00:00\",\"description\":\"Czarna z\u0142\u0105czka karbowana \u0142\u0105cznik ZCL-32 do rur RL i peszeli\",\"breadcrumb\":{\"@id\":\"https:\/\/bbpower.pl\/?product=zcl-32-czarna#breadcrumb\"},\"inLanguage\":\"pl-PL\",\"potentialAction\":[{\"@type\":\"ReadAction\",\"target\":[\"https:\/\/bbpower.pl\/?product=zcl-32-czarna\"]}]},{\"@type\":\"ImageObject\",\"inLanguage\":\"pl-PL\",\"@id\":\"https:\/\/bbpower.pl\/?product=zcl-32-czarna#primaryimage\",\"url\":\"https:\/\/bbpower.pl\/wp-content\/uploads\/2025\/02\/p-aks-zielonka-zlaczka-karbowana-lacznik-zcl-32-rur-peszel-10szt.webp\",\"contentUrl\":\"https:\/\/bbpower.pl\/wp-content\/uploads\/2025\/02\/p-aks-zielonka-zlaczka-karbowana-lacznik-zcl-32-rur-peszel-10szt.webp\",\"width\":450,\"height\":296},{\"@type\":\"BreadcrumbList\",\"@id\":\"https:\/\/bbpower.pl\/?product=zcl-32-czarna#breadcrumb\",\"itemListElement\":[{\"@type\":\"ListItem\",\"position\":1,\"name\":\"Strona g\u0142\u00f3wna\",\"item\":\"https:\/\/bbpower.pl\/\"},{\"@type\":\"ListItem\",\"position\":2,\"name\":\"Produkty\",\"item\":\"https:\/\/bbpower.pl\/?post_type=product\"},{\"@type\":\"ListItem\",\"position\":3,\"name\":\"Czarna z\u0142\u0105czka karbowana \u0142\u0105cznik ZCL-32 do rur RL i peszeli\"}]},{\"@type\":\"WebSite\",\"@id\":\"https:\/\/bbpower.pl\/#website\",\"url\":\"https:\/\/bbpower.pl\/\",\"name\":\"BB POWER - Centrum Elektryczne | Poraj\",\"description\":\"Najlepszy sklep elektryczny w Poraju!\",\"publisher\":{\"@id\":\"https:\/\/bbpower.pl\/#organization\"},\"potentialAction\":[{\"@type\":\"SearchAction\",\"target\":{\"@type\":\"EntryPoint\",\"urlTemplate\":\"https:\/\/bbpower.pl\/?s={search_term_string}\"},\"query-input\":{\"@type\":\"PropertyValueSpecification\",\"valueRequired\":true,\"valueName\":\"search_term_string\"}}],\"inLanguage\":\"pl-PL\"},{\"@type\":\"Organization\",\"@id\":\"https:\/\/bbpower.pl\/#organization\",\"name\":\"BB POWER - Centrum Elektryczne | Poraj\",\"url\":\"https:\/\/bbpower.pl\/\",\"logo\":{\"@type\":\"ImageObject\",\"inLanguage\":\"pl-PL\",\"@id\":\"https:\/\/bbpower.pl\/#\/schema\/logo\/image\/\",\"url\":\"https:\/\/bbpower.pl\/wp-content\/uploads\/2024\/09\/logo-1.png\",\"contentUrl\":\"https:\/\/bbpower.pl\/wp-content\/uploads\/2024\/09\/logo-1.png\",\"width\":60,\"height\":60,\"caption\":\"BB POWER - Centrum Elektryczne | Poraj\"},\"image\":{\"@id\":\"https:\/\/bbpower.pl\/#\/schema\/logo\/image\/\"},\"sameAs\":[\"https:\/\/www.facebook.com\/profile.php?id=61564502507751\"]}]}<\/script>\n<!-- \/ Yoast SEO plugin. -->","yoast_head_json":{"title":"Czarna z\u0142\u0105czka karbowana \u0142\u0105cznik ZCL-32 do rur RL i peszeli - BB POWER - Centrum Elektryczne | Poraj","description":"Czarna z\u0142\u0105czka karbowana \u0142\u0105cznik ZCL-32 do rur RL i peszeli","robots":{"index":"index","follow":"follow","max-snippet":"max-snippet:-1","max-image-preview":"max-image-preview:large","max-video-preview":"max-video-preview:-1"},"canonical":"https:\/\/bbpower.pl\/?product=zcl-32-czarna","og_locale":"pl_PL","og_type":"article","og_title":"Czarna z\u0142\u0105czka karbowana \u0142\u0105cznik ZCL-32 do rur RL i peszeli - BB POWER - Centrum Elektryczne | Poraj","og_description":"Czarna z\u0142\u0105czka karbowana \u0142\u0105cznik ZCL-32 do rur RL i peszeli","og_url":"https:\/\/bbpower.pl\/?product=zcl-32-czarna","og_site_name":"BB POWER - Centrum Elektryczne | Poraj","article_publisher":"https:\/\/www.facebook.com\/profile.php?id=61564502507751","article_modified_time":"2025-02-19T22:49:43+00:00","og_image":[{"width":450,"height":296,"url":"https:\/\/bbpower.pl\/wp-content\/uploads\/2025\/02\/p-aks-zielonka-zlaczka-karbowana-lacznik-zcl-32-rur-peszel-10szt.webp","type":"image\/webp"}],"twitter_card":"summary_large_image","twitter_misc":{"Szacowany czas czytania":"2 minuty"},"schema":{"@context":"https:\/\/schema.org","@graph":[{"@type":"WebPage","@id":"https:\/\/bbpower.pl\/?product=zcl-32-czarna","url":"https:\/\/bbpower.pl\/?product=zcl-32-czarna","name":"Czarna z\u0142\u0105czka karbowana \u0142\u0105cznik ZCL-32 do rur RL i peszeli - BB POWER - Centrum Elektryczne | Poraj","isPartOf":{"@id":"https:\/\/bbpower.pl\/#website"},"primaryImageOfPage":{"@id":"https:\/\/bbpower.pl\/?product=zcl-32-czarna#primaryimage"},"image":{"@id":"https:\/\/bbpower.pl\/?product=zcl-32-czarna#primaryimage"},"thumbnailUrl":"https:\/\/bbpower.pl\/wp-content\/uploads\/2025\/02\/p-aks-zielonka-zlaczka-karbowana-lacznik-zcl-32-rur-peszel-10szt.webp","datePublished":"2025-02-19T22:43:56+00:00","dateModified":"2025-02-19T22:49:43+00:00","description":"Czarna z\u0142\u0105czka karbowana \u0142\u0105cznik ZCL-32 do rur RL i peszeli","breadcrumb":{"@id":"https:\/\/bbpower.pl\/?product=zcl-32-czarna#breadcrumb"},"inLanguage":"pl-PL","potentialAction":[{"@type":"ReadAction","target":["https:\/\/bbpower.pl\/?product=zcl-32-czarna"]}]},{"@type":"ImageObject","inLanguage":"pl-PL","@id":"https:\/\/bbpower.pl\/?product=zcl-32-czarna#primaryimage","url":"https:\/\/bbpower.pl\/wp-content\/uploads\/2025\/02\/p-aks-zielonka-zlaczka-karbowana-lacznik-zcl-32-rur-peszel-10szt.webp","contentUrl":"https:\/\/bbpower.pl\/wp-content\/uploads\/2025\/02\/p-aks-zielonka-zlaczka-karbowana-lacznik-zcl-32-rur-peszel-10szt.webp","width":450,"height":296},{"@type":"BreadcrumbList","@id":"https:\/\/bbpower.pl\/?product=zcl-32-czarna#breadcrumb","itemListElement":[{"@type":"ListItem","position":1,"name":"Strona g\u0142\u00f3wna","item":"https:\/\/bbpower.pl\/"},{"@type":"ListItem","position":2,"name":"Produkty","item":"https:\/\/bbpower.pl\/?post_type=product"},{"@type":"ListItem","position":3,"name":"Czarna z\u0142\u0105czka karbowana \u0142\u0105cznik ZCL-32 do rur RL i peszeli"}]},{"@type":"WebSite","@id":"https:\/\/bbpower.pl\/#website","url":"https:\/\/bbpower.pl\/","name":"BB POWER - Centrum Elektryczne | Poraj","description":"Najlepszy sklep elektryczny w Poraju!","publisher":{"@id":"https:\/\/bbpower.pl\/#organization"},"potentialAction":[{"@type":"SearchAction","target":{"@type":"EntryPoint","urlTemplate":"https:\/\/bbpower.pl\/?s={search_term_string}"},"query-input":{"@type":"PropertyValueSpecification","valueRequired":true,"valueName":"search_term_string"}}],"inLanguage":"pl-PL"},{"@type":"Organization","@id":"https:\/\/bbpower.pl\/#organization","name":"BB POWER - Centrum Elektryczne | Poraj","url":"https:\/\/bbpower.pl\/","logo":{"@type":"ImageObject","inLanguage":"pl-PL","@id":"https:\/\/bbpower.pl\/#\/schema\/logo\/image\/","url":"https:\/\/bbpower.pl\/wp-content\/uploads\/2024\/09\/logo-1.png","contentUrl":"https:\/\/bbpower.pl\/wp-content\/uploads\/2024\/09\/logo-1.png","width":60,"height":60,"caption":"BB POWER - Centrum Elektryczne | Poraj"},"image":{"@id":"https:\/\/bbpower.pl\/#\/schema\/logo\/image\/"},"sameAs":["https:\/\/www.facebook.com\/profile.php?id=61564502507751"]}]}},"_links":{"self":[{"href":"https:\/\/bbpower.pl\/index.php?rest_route=\/wp\/v2\/product\/589","targetHints":{"allow":["GET"]}}],"collection":[{"href":"https:\/\/bbpower.pl\/index.php?rest_route=\/wp\/v2\/product"}],"about":[{"href":"https:\/\/bbpower.pl\/index.php?rest_route=\/wp\/v2\/types\/product"}],"replies":[{"embeddable":true,"href":"https:\/\/bbpower.pl\/index.php?rest_route=%2Fwp%2Fv2%2Fcomments&post=589"}],"wp:featuredmedia":[{"embeddable":true,"href":"https:\/\/bbpower.pl\/index.php?rest_route=\/wp\/v2\/media\/590"}],"wp:attachment":[{"href":"https:\/\/bbpower.pl\/index.php?rest_route=%2Fwp%2Fv2%2Fmedia&parent=589"}],"wp:term":[{"taxonomy":"product_brand","embeddable":true,"href":"https:\/\/bbpower.pl\/index.php?rest_route=%2Fwp%2Fv2%2Fproduct_brand&post=589"},{"taxonomy":"product_cat","embeddable":true,"href":"https:\/\/bbpower.pl\/index.php?rest_route=%2Fwp%2Fv2%2Fproduct_cat&post=589"},{"taxonomy":"product_tag","embeddable":true,"href":"https:\/\/bbpower.pl\/index.php?rest_route=%2Fwp%2Fv2%2Fproduct_tag&post=589"}],"curies":[{"name":"wp","href":"https:\/\/api.w.org\/{rel}","templated":true}]}}