{"id":588,"date":"2025-02-19T14:56:08","date_gmt":"2025-02-19T13:56:08","guid":{"rendered":"https:\/\/bbpower.pl\/?post_type=product&#038;p=588"},"modified":"2025-02-19T14:57:23","modified_gmt":"2025-02-19T13:57:23","slug":"uchwyt-zamykany-uz-16-do-rur-i-peszli-%e2%8c%80-16","status":"publish","type":"product","link":"https:\/\/bbpower.pl\/?product=uchwyt-zamykany-uz-16-do-rur-i-peszli-%e2%8c%80-16","title":{"rendered":"Uchwyt zamykany UZ-16 do rur i PESZLI \u2300 16"},"content":{"rendered":"<div class=\"app-container\">\n<div class=\"mgn2_14 mp0t_0a mqu1_21 mli8_k4 mgmw_wo msts_pt _0d3bd_K6Qpj\">\n<div class=\"\">\n<div class=\"mpof_ki myre_zn myre_8v_l m389_6m_l\">\n<div class=\"mp4t_16_s mryx_16_s mr3m_1 mli2_1 mh85_56 mh85_0_l\">\n<div class=\"mg9e_8 mj7a_8 mg9e_0_s mvrt_0_s mj7a_0_s mh36_0_s mzmg_6m munh_16_l m3h2_16_l\">\n<div class=\"mp4t_0 mryx_0 munh_56 m3h2_56\">\n<div class=\"mp7g_oh\"><\/div>\n<\/div>\n<\/div>\n<\/div>\n<div class=\"mp4t_16_s mryx_16_s mr3m_1 mli2_1 mh85_56 mh85_0_l\">\n<div class=\"mgn2_16 _0d3bd_am0a-\"><\/div>\n<\/div>\n<\/div>\n<div class=\"mpof_ki myre_zn myre_8v_l m389_6m_l\">\n<div class=\"mp4t_16_s mryx_16_s mr3m_1 mli2_1 mh85_56 mh85_0_l\">\n<div class=\"mg9e_8 mj7a_8 mg9e_0_s mvrt_0_s mj7a_0_s mh36_0_s mzmg_6m munh_16_l m3h2_16_l\">\n<div class=\"mp4t_0 mryx_0 munh_56 m3h2_56\">\n<div class=\"mp7g_oh\">\n<div class=\"app-container\">\n<div class=\"mgn2_14 mp0t_0a mqu1_21 mli8_k4 mgmw_wo msts_pt _0d3bd_K6Qpj\">\n<div class=\"\">\n<div class=\"mpof_ki myre_zn myre_8v_l m389_6m_l\">\n<div class=\"mp4t_16_s mryx_16_s mr3m_1 mli2_1 mh85_56 mh85_0_l\">\n<div class=\"mg9e_8 mj7a_8 mg9e_0_s mvrt_0_s mj7a_0_s mh36_0_s mzmg_6m munh_16_l m3h2_16_l\">\n<div class=\"mp4t_0 mryx_0 munh_56 m3h2_56\">\n<div class=\"mp7g_oh\"><img decoding=\"async\" class=\"msub_k4 mupj_5k mjru_k4 mse2_k4 mp7g_f6 mq1m_0 mj7u_0 m7er_k4 lazyloaded\" src=\"https:\/\/a.allegroimg.com\/original\/116cb7\/ff556b544bd58664ea4ea451a167\/Uchwyt-zamykany-UZ-32-do-rur-RLm-32-peszel-20szt-Liczba-sztuk-w-ofercie-20-szt\" sizes=\"(min-width: 1200px) 560px, (min-width: 992px) 50vw, 100vw\" srcset=\"https:\/\/a.allegroimg.com\/s360\/116cb7\/ff556b544bd58664ea4ea451a167\/Uchwyt-zamykany-UZ-32-do-rur-RLm-32-peszel-20szt-Liczba-sztuk-w-ofercie-20-szt 360w,https:\/\/a.allegroimg.com\/s720\/116cb7\/ff556b544bd58664ea4ea451a167\/Uchwyt-zamykany-UZ-32-do-rur-RLm-32-peszel-20szt-Liczba-sztuk-w-ofercie-20-szt 491w,https:\/\/a.allegroimg.com\/original\/116cb7\/ff556b544bd58664ea4ea451a167\/Uchwyt-zamykany-UZ-32-do-rur-RLm-32-peszel-20szt-Liczba-sztuk-w-ofercie-20-szt 491w\" alt=\"Uchwyt zamykany UZ-32 do rur RLm-32 peszel 20szt Liczba sztuk w ofercie 20 szt.\" width=\"491px\" data-src=\"https:\/\/a.allegroimg.com\/original\/116cb7\/ff556b544bd58664ea4ea451a167\/Uchwyt-zamykany-UZ-32-do-rur-RLm-32-peszel-20szt-Liczba-sztuk-w-ofercie-20-szt\" data-srcset=\"https:\/\/a.allegroimg.com\/s360\/116cb7\/ff556b544bd58664ea4ea451a167\/Uchwyt-zamykany-UZ-32-do-rur-RLm-32-peszel-20szt-Liczba-sztuk-w-ofercie-20-szt 360w,https:\/\/a.allegroimg.com\/s720\/116cb7\/ff556b544bd58664ea4ea451a167\/Uchwyt-zamykany-UZ-32-do-rur-RLm-32-peszel-20szt-Liczba-sztuk-w-ofercie-20-szt 491w,https:\/\/a.allegroimg.com\/original\/116cb7\/ff556b544bd58664ea4ea451a167\/Uchwyt-zamykany-UZ-32-do-rur-RLm-32-peszel-20szt-Liczba-sztuk-w-ofercie-20-szt 491w\" \/><\/div>\n<\/div>\n<\/div>\n<\/div>\n<div class=\"mp4t_16_s mryx_16_s mr3m_1 mli2_1 mh85_56 mh85_0_l\">\n<div class=\"mgn2_16 _0d3bd_am0a-\">\n<p><b>Uchwyt zamykany UZ-16 do rur elektroinstalacyjnych<\/b><\/p>\n<p><b>RLM-16 i peszli<\/b><\/p>\n<p><b>Charakterystyka:<\/b><\/p>\n<ul>\n<li>Minimalna wytrzyma\u0142o\u015b\u0107 na nacisk: <b>320 N\/5cm<\/b><\/li>\n<li>Kolor: <b>czarny<\/b><\/li>\n<li>Ilo\u015b\u0107 w opakowaniu:<b> 100 sztuk<\/b><\/li>\n<\/ul>\n<p><b>Zastosowanie:<\/b><\/p>\n<p>Uchwyty zamykane UZ s\u0142u\u017c\u0105 do mocowania rur ochronnych <b>RLm. <\/b>Wykorzystywane s\u0105 r\u00f3wnie\u017c <b>do mocowania peszli<\/b>. Uchwyt mo\u017cna przytwierdzi\u0107 do pod\u0142o\u017ca za pomoc\u0105 wkr\u0119tu, ko\u0142ka itp. (brak w zestawie).<\/p>\n<\/div>\n<\/div>\n<\/div>\n<div class=\"mpof_ki myre_zn myre_8v_l m389_6m_l\">\n<div class=\"mp4t_16_s mryx_16_s mr3m_1 mli2_1 mh85_56 mh85_0_l\">\n<div class=\"mgn2_16 _0d3bd_am0a-\">\n<p><b>1szt = 1 uchwyt<br \/>\n<\/b><\/p>\n<\/div>\n<\/div>\n<div class=\"mp4t_16_s mryx_16_s mr3m_1 mli2_1 mh85_56 mh85_0_l\">\n<div class=\"mg9e_8 mj7a_8 mg9e_0_s mvrt_0_s mj7a_0_s mh36_0_s mzmg_6m munh_16_l m3h2_16_l\">\n<div class=\"mp4t_0 mryx_0 munh_56 m3h2_56\">\n<div class=\"mp7g_oh\"><img decoding=\"async\" class=\"msub_k4 mupj_5k mjru_k4 mse2_k4 mp7g_f6 mq1m_0 mj7u_0 m7er_k4 lazyloaded\" src=\"https:\/\/a.allegroimg.com\/original\/11c45a\/081563d0476284703f53c8b626fb\/Uchwyt-zamykany-UZ-32-do-rur-RLm-32-peszel-20szt-Kod-producenta-UZ32\" sizes=\"(min-width: 1200px) 560px, (min-width: 992px) 50vw, 100vw\" srcset=\"https:\/\/a.allegroimg.com\/s360\/11c45a\/081563d0476284703f53c8b626fb\/Uchwyt-zamykany-UZ-32-do-rur-RLm-32-peszel-20szt-Kod-producenta-UZ32 295w,https:\/\/a.allegroimg.com\/s720\/11c45a\/081563d0476284703f53c8b626fb\/Uchwyt-zamykany-UZ-32-do-rur-RLm-32-peszel-20szt-Kod-producenta-UZ32 365w,https:\/\/a.allegroimg.com\/original\/11c45a\/081563d0476284703f53c8b626fb\/Uchwyt-zamykany-UZ-32-do-rur-RLm-32-peszel-20szt-Kod-producenta-UZ32 365w\" alt=\"Uchwyt zamykany UZ-32 do rur RLm-32 peszel 20szt Kod producenta UZ32\" width=\"365px\" data-src=\"https:\/\/a.allegroimg.com\/original\/11c45a\/081563d0476284703f53c8b626fb\/Uchwyt-zamykany-UZ-32-do-rur-RLm-32-peszel-20szt-Kod-producenta-UZ32\" data-srcset=\"https:\/\/a.allegroimg.com\/s360\/11c45a\/081563d0476284703f53c8b626fb\/Uchwyt-zamykany-UZ-32-do-rur-RLm-32-peszel-20szt-Kod-producenta-UZ32 295w,https:\/\/a.allegroimg.com\/s720\/11c45a\/081563d0476284703f53c8b626fb\/Uchwyt-zamykany-UZ-32-do-rur-RLm-32-peszel-20szt-Kod-producenta-UZ32 365w,https:\/\/a.allegroimg.com\/original\/11c45a\/081563d0476284703f53c8b626fb\/Uchwyt-zamykany-UZ-32-do-rur-RLm-32-peszel-20szt-Kod-producenta-UZ32 365w\" \/><\/div>\n<\/div>\n<\/div>\n<\/div>\n<\/div>\n<div class=\"mpof_ki myre_zn myre_8v_l m389_6m_l\">\n<div class=\"mp4t_16_s mryx_16_s mr3m_1 mli2_1 mh85_56 mh85_0_l\">\n<div class=\"mg9e_8 mj7a_8 mg9e_0_s mvrt_0_s mj7a_0_s mh36_0_s mzmg_6m munh_16_l m3h2_16_l\">\n<div class=\"mp4t_0 mryx_0 munh_56 m3h2_56\">\n<div class=\"mp7g_oh\"><img decoding=\"async\" class=\"msub_k4 mupj_5k mjru_k4 mse2_k4 mp7g_f6 mq1m_0 mj7u_0 m7er_k4 lazyloaded\" src=\"https:\/\/a.allegroimg.com\/original\/116ff2\/d25ae6da4211bd08c749ea1e23c9\/Uchwyt-zamykany-UZ-32-do-rur-RLm-32-peszel-20szt-Marka-AKS-Zielonka\" sizes=\"(min-width: 1200px) 560px, (min-width: 992px) 50vw, 100vw\" srcset=\"https:\/\/a.allegroimg.com\/s360\/116ff2\/d25ae6da4211bd08c749ea1e23c9\/Uchwyt-zamykany-UZ-32-do-rur-RLm-32-peszel-20szt-Marka-AKS-Zielonka 333w,https:\/\/a.allegroimg.com\/s720\/116ff2\/d25ae6da4211bd08c749ea1e23c9\/Uchwyt-zamykany-UZ-32-do-rur-RLm-32-peszel-20szt-Marka-AKS-Zielonka 389w,https:\/\/a.allegroimg.com\/original\/116ff2\/d25ae6da4211bd08c749ea1e23c9\/Uchwyt-zamykany-UZ-32-do-rur-RLm-32-peszel-20szt-Marka-AKS-Zielonka 389w\" alt=\"Uchwyt zamykany UZ-32 do rur RLm-32 peszel 20szt Marka AKS Zielonka\" width=\"389px\" data-src=\"https:\/\/a.allegroimg.com\/original\/116ff2\/d25ae6da4211bd08c749ea1e23c9\/Uchwyt-zamykany-UZ-32-do-rur-RLm-32-peszel-20szt-Marka-AKS-Zielonka\" data-srcset=\"https:\/\/a.allegroimg.com\/s360\/116ff2\/d25ae6da4211bd08c749ea1e23c9\/Uchwyt-zamykany-UZ-32-do-rur-RLm-32-peszel-20szt-Marka-AKS-Zielonka 333w,https:\/\/a.allegroimg.com\/s720\/116ff2\/d25ae6da4211bd08c749ea1e23c9\/Uchwyt-zamykany-UZ-32-do-rur-RLm-32-peszel-20szt-Marka-AKS-Zielonka 389w,https:\/\/a.allegroimg.com\/original\/116ff2\/d25ae6da4211bd08c749ea1e23c9\/Uchwyt-zamykany-UZ-32-do-rur-RLm-32-peszel-20szt-Marka-AKS-Zielonka 389w\" \/><\/div>\n<\/div>\n<\/div>\n<\/div>\n<div class=\"mp4t_16_s mryx_16_s mr3m_1 mli2_1 mh85_56 mh85_0_l\">\n<div class=\"mgn2_16 _0d3bd_am0a-\">\n<h2>Dane techniczne:<\/h2>\n<ul>\n<li><b>ROZMIAR (mm):<\/b> \u00d816<\/li>\n<li><b>MATERIA\u0141:<\/b> PVC-U<\/li>\n<li><b>KOLOR:<\/b> CZARNY<\/li>\n<li><b>PALNO\u015a\u0106:<\/b> V1-V0<\/li>\n<li><b>\u2103 PRACY:<\/b> -5\/+60<\/li>\n<li><b>ODPORNO\u015a\u0106 UV:<\/b> w klimacie umiarkowanym<\/li>\n<li><b>RoHS:<\/b> zgodny z dyrektyw\u0105 RoHS<\/li>\n<\/ul>\n<\/div>\n<\/div>\n<\/div>\n<div class=\"mpof_ki myre_zn myre_8v_l m389_6m_l\">\n<div class=\"mp4t_16_s mryx_16_s mr3m_1 mli2_1 mh85_56 mh85_0_l\">\n<div class=\"mgn2_16 _0d3bd_am0a-\">\n<p><b>Sprawd\u017a pozosta\u0142e nasze aukcje!<\/b><\/p>\n<p><b>Zapraszamy do skorzystania z naszej oferty!<\/b><\/p>\n<p><b>Jeste\u015bmy pr\u0119\u017cnie dzia\u0142aj\u0105c\u0105 Hurtowni\u0105 Elektryczn\u0105, posiadamy w ofercie szeroki wyb\u00f3r produkt\u00f3w elektrycznych wiod\u0105cych i renomowanych firm<\/b><\/p>\n<\/div>\n<\/div>\n<div class=\"mp4t_16_s mryx_16_s mr3m_1 mli2_1 mh85_56 mh85_0_l\">\n<div class=\"mg9e_8 mj7a_8 mg9e_0_s mvrt_0_s mj7a_0_s mh36_0_s mzmg_6m munh_16_l m3h2_16_l\">\n<div class=\"mp4t_0 mryx_0 munh_56 m3h2_56\">\n<div class=\"mp7g_oh\"><img decoding=\"async\" class=\"msub_k4 mupj_5k mjru_k4 mse2_k4 mp7g_f6 mq1m_0 mj7u_0 m7er_k4 lazyloaded\" src=\"https:\/\/a.allegroimg.com\/original\/11765d\/324b73634fe0aa7524fd0ad0b16f\/Uchwyt-zamykany-UZ-32-do-rur-RLm-32-peszel-20szt\" sizes=\"(min-width: 1200px) 560px, (min-width: 992px) 50vw, 100vw\" srcset=\"https:\/\/a.allegroimg.com\/s360\/11765d\/324b73634fe0aa7524fd0ad0b16f\/Uchwyt-zamykany-UZ-32-do-rur-RLm-32-peszel-20szt 360w,https:\/\/a.allegroimg.com\/s720\/11765d\/324b73634fe0aa7524fd0ad0b16f\/Uchwyt-zamykany-UZ-32-do-rur-RLm-32-peszel-20szt 462w,https:\/\/a.allegroimg.com\/original\/11765d\/324b73634fe0aa7524fd0ad0b16f\/Uchwyt-zamykany-UZ-32-do-rur-RLm-32-peszel-20szt 462w\" alt=\"Uchwyt zamykany UZ-32 do rur RLm-32 peszel 20szt\" width=\"462px\" data-src=\"https:\/\/a.allegroimg.com\/original\/11765d\/324b73634fe0aa7524fd0ad0b16f\/Uchwyt-zamykany-UZ-32-do-rur-RLm-32-peszel-20szt\" data-srcset=\"https:\/\/a.allegroimg.com\/s360\/11765d\/324b73634fe0aa7524fd0ad0b16f\/Uchwyt-zamykany-UZ-32-do-rur-RLm-32-peszel-20szt 360w,https:\/\/a.allegroimg.com\/s720\/11765d\/324b73634fe0aa7524fd0ad0b16f\/Uchwyt-zamykany-UZ-32-do-rur-RLm-32-peszel-20szt 462w,https:\/\/a.allegroimg.com\/original\/11765d\/324b73634fe0aa7524fd0ad0b16f\/Uchwyt-zamykany-UZ-32-do-rur-RLm-32-peszel-20szt 462w\" \/><\/div>\n<\/div>\n<\/div>\n<\/div>\n<\/div>\n<\/div>\n<\/div>\n<\/div>\n<\/div>\n<\/div>\n<\/div>\n<\/div>\n<\/div>\n<\/div>\n<\/div>\n<\/div>\n","protected":false},"excerpt":{"rendered":"<p>UZ-16 CZARNY<\/p>\n","protected":false},"featured_media":585,"comment_status":"open","ping_status":"closed","template":"","meta":[],"product_brand":[27],"product_cat":[34],"product_tag":[33,35],"class_list":{"0":"post-588","1":"product","2":"type-product","3":"status-publish","4":"has-post-thumbnail","6":"product_brand-aks","7":"product_cat-uchwyty","8":"product_tag-33","9":"product_tag-uz","10":"product_shipping_class-paczki-male","12":"first","13":"instock","14":"shipping-taxable","15":"purchasable","16":"product-type-simple"},"yoast_head":"<!-- This site is optimized with the Yoast SEO plugin v24.4 - https:\/\/yoast.com\/wordpress\/plugins\/seo\/ -->\n<title>Uchwyt zamykany UZ-16 do rur i PESZLI \u2300 16 - BB POWER - Centrum Elektryczne | Poraj<\/title>\n<meta name=\"robots\" content=\"index, follow, max-snippet:-1, max-image-preview:large, max-video-preview:-1\" \/>\n<link rel=\"canonical\" href=\"https:\/\/bbpower.pl\/?product=uchwyt-zamykany-uz-16-do-rur-i-peszli-\u2300-16\" \/>\n<meta property=\"og:locale\" content=\"pl_PL\" \/>\n<meta property=\"og:type\" content=\"article\" \/>\n<meta property=\"og:title\" content=\"Uchwyt zamykany UZ-16 do rur i PESZLI \u2300 16 - BB POWER - Centrum Elektryczne | Poraj\" \/>\n<meta property=\"og:description\" content=\"UZ-16 CZARNY\" \/>\n<meta property=\"og:url\" content=\"https:\/\/bbpower.pl\/?product=uchwyt-zamykany-uz-16-do-rur-i-peszli-\u2300-16\" \/>\n<meta property=\"og:site_name\" content=\"BB POWER - Centrum Elektryczne | Poraj\" \/>\n<meta property=\"article:publisher\" content=\"https:\/\/www.facebook.com\/profile.php?id=61564502507751\" \/>\n<meta property=\"article:modified_time\" content=\"2025-02-19T13:57:23+00:00\" \/>\n<meta property=\"og:image\" content=\"https:\/\/bbpower.pl\/wp-content\/uploads\/2025\/02\/images.jpg\" \/>\n\t<meta property=\"og:image:width\" content=\"230\" \/>\n\t<meta property=\"og:image:height\" content=\"219\" \/>\n\t<meta property=\"og:image:type\" content=\"image\/jpeg\" \/>\n<meta name=\"twitter:card\" content=\"summary_large_image\" \/>\n<meta name=\"twitter:label1\" content=\"Szacowany czas czytania\" \/>\n\t<meta name=\"twitter:data1\" content=\"2 minuty\" \/>\n<script type=\"application\/ld+json\" class=\"yoast-schema-graph\">{\"@context\":\"https:\/\/schema.org\",\"@graph\":[{\"@type\":\"WebPage\",\"@id\":\"https:\/\/bbpower.pl\/?product=uchwyt-zamykany-uz-16-do-rur-i-peszli-%e2%8c%80-16\",\"url\":\"https:\/\/bbpower.pl\/?product=uchwyt-zamykany-uz-16-do-rur-i-peszli-%e2%8c%80-16\",\"name\":\"Uchwyt zamykany UZ-16 do rur i PESZLI \u2300 16 - BB POWER - Centrum Elektryczne | Poraj\",\"isPartOf\":{\"@id\":\"https:\/\/bbpower.pl\/#website\"},\"primaryImageOfPage\":{\"@id\":\"https:\/\/bbpower.pl\/?product=uchwyt-zamykany-uz-16-do-rur-i-peszli-%e2%8c%80-16#primaryimage\"},\"image\":{\"@id\":\"https:\/\/bbpower.pl\/?product=uchwyt-zamykany-uz-16-do-rur-i-peszli-%e2%8c%80-16#primaryimage\"},\"thumbnailUrl\":\"https:\/\/bbpower.pl\/wp-content\/uploads\/2025\/02\/images.jpg\",\"datePublished\":\"2025-02-19T13:56:08+00:00\",\"dateModified\":\"2025-02-19T13:57:23+00:00\",\"breadcrumb\":{\"@id\":\"https:\/\/bbpower.pl\/?product=uchwyt-zamykany-uz-16-do-rur-i-peszli-%e2%8c%80-16#breadcrumb\"},\"inLanguage\":\"pl-PL\",\"potentialAction\":[{\"@type\":\"ReadAction\",\"target\":[\"https:\/\/bbpower.pl\/?product=uchwyt-zamykany-uz-16-do-rur-i-peszli-%e2%8c%80-16\"]}]},{\"@type\":\"ImageObject\",\"inLanguage\":\"pl-PL\",\"@id\":\"https:\/\/bbpower.pl\/?product=uchwyt-zamykany-uz-16-do-rur-i-peszli-%e2%8c%80-16#primaryimage\",\"url\":\"https:\/\/bbpower.pl\/wp-content\/uploads\/2025\/02\/images.jpg\",\"contentUrl\":\"https:\/\/bbpower.pl\/wp-content\/uploads\/2025\/02\/images.jpg\",\"width\":230,\"height\":219},{\"@type\":\"BreadcrumbList\",\"@id\":\"https:\/\/bbpower.pl\/?product=uchwyt-zamykany-uz-16-do-rur-i-peszli-%e2%8c%80-16#breadcrumb\",\"itemListElement\":[{\"@type\":\"ListItem\",\"position\":1,\"name\":\"Strona g\u0142\u00f3wna\",\"item\":\"https:\/\/bbpower.pl\/\"},{\"@type\":\"ListItem\",\"position\":2,\"name\":\"Produkty\",\"item\":\"https:\/\/bbpower.pl\/?post_type=product\"},{\"@type\":\"ListItem\",\"position\":3,\"name\":\"Uchwyt zamykany UZ-16 do rur i PESZLI \u2300 16\"}]},{\"@type\":\"WebSite\",\"@id\":\"https:\/\/bbpower.pl\/#website\",\"url\":\"https:\/\/bbpower.pl\/\",\"name\":\"BB POWER - Centrum Elektryczne | Poraj\",\"description\":\"Najlepszy sklep elektryczny w Poraju!\",\"publisher\":{\"@id\":\"https:\/\/bbpower.pl\/#organization\"},\"potentialAction\":[{\"@type\":\"SearchAction\",\"target\":{\"@type\":\"EntryPoint\",\"urlTemplate\":\"https:\/\/bbpower.pl\/?s={search_term_string}\"},\"query-input\":{\"@type\":\"PropertyValueSpecification\",\"valueRequired\":true,\"valueName\":\"search_term_string\"}}],\"inLanguage\":\"pl-PL\"},{\"@type\":\"Organization\",\"@id\":\"https:\/\/bbpower.pl\/#organization\",\"name\":\"BB POWER - Centrum Elektryczne | Poraj\",\"url\":\"https:\/\/bbpower.pl\/\",\"logo\":{\"@type\":\"ImageObject\",\"inLanguage\":\"pl-PL\",\"@id\":\"https:\/\/bbpower.pl\/#\/schema\/logo\/image\/\",\"url\":\"https:\/\/bbpower.pl\/wp-content\/uploads\/2024\/09\/logo-1.png\",\"contentUrl\":\"https:\/\/bbpower.pl\/wp-content\/uploads\/2024\/09\/logo-1.png\",\"width\":60,\"height\":60,\"caption\":\"BB POWER - Centrum Elektryczne | Poraj\"},\"image\":{\"@id\":\"https:\/\/bbpower.pl\/#\/schema\/logo\/image\/\"},\"sameAs\":[\"https:\/\/www.facebook.com\/profile.php?id=61564502507751\"]}]}<\/script>\n<!-- \/ Yoast SEO plugin. -->","yoast_head_json":{"title":"Uchwyt zamykany UZ-16 do rur i PESZLI \u2300 16 - BB POWER - Centrum Elektryczne | Poraj","robots":{"index":"index","follow":"follow","max-snippet":"max-snippet:-1","max-image-preview":"max-image-preview:large","max-video-preview":"max-video-preview:-1"},"canonical":"https:\/\/bbpower.pl\/?product=uchwyt-zamykany-uz-16-do-rur-i-peszli-\u2300-16","og_locale":"pl_PL","og_type":"article","og_title":"Uchwyt zamykany UZ-16 do rur i PESZLI \u2300 16 - BB POWER - Centrum Elektryczne | Poraj","og_description":"UZ-16 CZARNY","og_url":"https:\/\/bbpower.pl\/?product=uchwyt-zamykany-uz-16-do-rur-i-peszli-\u2300-16","og_site_name":"BB POWER - Centrum Elektryczne | Poraj","article_publisher":"https:\/\/www.facebook.com\/profile.php?id=61564502507751","article_modified_time":"2025-02-19T13:57:23+00:00","og_image":[{"width":230,"height":219,"url":"https:\/\/bbpower.pl\/wp-content\/uploads\/2025\/02\/images.jpg","type":"image\/jpeg"}],"twitter_card":"summary_large_image","twitter_misc":{"Szacowany czas czytania":"2 minuty"},"schema":{"@context":"https:\/\/schema.org","@graph":[{"@type":"WebPage","@id":"https:\/\/bbpower.pl\/?product=uchwyt-zamykany-uz-16-do-rur-i-peszli-%e2%8c%80-16","url":"https:\/\/bbpower.pl\/?product=uchwyt-zamykany-uz-16-do-rur-i-peszli-%e2%8c%80-16","name":"Uchwyt zamykany UZ-16 do rur i PESZLI \u2300 16 - BB POWER - Centrum Elektryczne | Poraj","isPartOf":{"@id":"https:\/\/bbpower.pl\/#website"},"primaryImageOfPage":{"@id":"https:\/\/bbpower.pl\/?product=uchwyt-zamykany-uz-16-do-rur-i-peszli-%e2%8c%80-16#primaryimage"},"image":{"@id":"https:\/\/bbpower.pl\/?product=uchwyt-zamykany-uz-16-do-rur-i-peszli-%e2%8c%80-16#primaryimage"},"thumbnailUrl":"https:\/\/bbpower.pl\/wp-content\/uploads\/2025\/02\/images.jpg","datePublished":"2025-02-19T13:56:08+00:00","dateModified":"2025-02-19T13:57:23+00:00","breadcrumb":{"@id":"https:\/\/bbpower.pl\/?product=uchwyt-zamykany-uz-16-do-rur-i-peszli-%e2%8c%80-16#breadcrumb"},"inLanguage":"pl-PL","potentialAction":[{"@type":"ReadAction","target":["https:\/\/bbpower.pl\/?product=uchwyt-zamykany-uz-16-do-rur-i-peszli-%e2%8c%80-16"]}]},{"@type":"ImageObject","inLanguage":"pl-PL","@id":"https:\/\/bbpower.pl\/?product=uchwyt-zamykany-uz-16-do-rur-i-peszli-%e2%8c%80-16#primaryimage","url":"https:\/\/bbpower.pl\/wp-content\/uploads\/2025\/02\/images.jpg","contentUrl":"https:\/\/bbpower.pl\/wp-content\/uploads\/2025\/02\/images.jpg","width":230,"height":219},{"@type":"BreadcrumbList","@id":"https:\/\/bbpower.pl\/?product=uchwyt-zamykany-uz-16-do-rur-i-peszli-%e2%8c%80-16#breadcrumb","itemListElement":[{"@type":"ListItem","position":1,"name":"Strona g\u0142\u00f3wna","item":"https:\/\/bbpower.pl\/"},{"@type":"ListItem","position":2,"name":"Produkty","item":"https:\/\/bbpower.pl\/?post_type=product"},{"@type":"ListItem","position":3,"name":"Uchwyt zamykany UZ-16 do rur i PESZLI \u2300 16"}]},{"@type":"WebSite","@id":"https:\/\/bbpower.pl\/#website","url":"https:\/\/bbpower.pl\/","name":"BB POWER - Centrum Elektryczne | Poraj","description":"Najlepszy sklep elektryczny w Poraju!","publisher":{"@id":"https:\/\/bbpower.pl\/#organization"},"potentialAction":[{"@type":"SearchAction","target":{"@type":"EntryPoint","urlTemplate":"https:\/\/bbpower.pl\/?s={search_term_string}"},"query-input":{"@type":"PropertyValueSpecification","valueRequired":true,"valueName":"search_term_string"}}],"inLanguage":"pl-PL"},{"@type":"Organization","@id":"https:\/\/bbpower.pl\/#organization","name":"BB POWER - Centrum Elektryczne | Poraj","url":"https:\/\/bbpower.pl\/","logo":{"@type":"ImageObject","inLanguage":"pl-PL","@id":"https:\/\/bbpower.pl\/#\/schema\/logo\/image\/","url":"https:\/\/bbpower.pl\/wp-content\/uploads\/2024\/09\/logo-1.png","contentUrl":"https:\/\/bbpower.pl\/wp-content\/uploads\/2024\/09\/logo-1.png","width":60,"height":60,"caption":"BB POWER - Centrum Elektryczne | Poraj"},"image":{"@id":"https:\/\/bbpower.pl\/#\/schema\/logo\/image\/"},"sameAs":["https:\/\/www.facebook.com\/profile.php?id=61564502507751"]}]}},"_links":{"self":[{"href":"https:\/\/bbpower.pl\/index.php?rest_route=\/wp\/v2\/product\/588","targetHints":{"allow":["GET"]}}],"collection":[{"href":"https:\/\/bbpower.pl\/index.php?rest_route=\/wp\/v2\/product"}],"about":[{"href":"https:\/\/bbpower.pl\/index.php?rest_route=\/wp\/v2\/types\/product"}],"replies":[{"embeddable":true,"href":"https:\/\/bbpower.pl\/index.php?rest_route=%2Fwp%2Fv2%2Fcomments&post=588"}],"wp:featuredmedia":[{"embeddable":true,"href":"https:\/\/bbpower.pl\/index.php?rest_route=\/wp\/v2\/media\/585"}],"wp:attachment":[{"href":"https:\/\/bbpower.pl\/index.php?rest_route=%2Fwp%2Fv2%2Fmedia&parent=588"}],"wp:term":[{"taxonomy":"product_brand","embeddable":true,"href":"https:\/\/bbpower.pl\/index.php?rest_route=%2Fwp%2Fv2%2Fproduct_brand&post=588"},{"taxonomy":"product_cat","embeddable":true,"href":"https:\/\/bbpower.pl\/index.php?rest_route=%2Fwp%2Fv2%2Fproduct_cat&post=588"},{"taxonomy":"product_tag","embeddable":true,"href":"https:\/\/bbpower.pl\/index.php?rest_route=%2Fwp%2Fv2%2Fproduct_tag&post=588"}],"curies":[{"name":"wp","href":"https:\/\/api.w.org\/{rel}","templated":true}]}}