{"id":572,"date":"2025-02-19T09:17:18","date_gmt":"2025-02-19T08:17:18","guid":{"rendered":"https:\/\/bbpower.pl\/?post_type=product&#038;p=572"},"modified":"2025-02-19T10:31:09","modified_gmt":"2025-02-19T09:31:09","slug":"rlm-16-c","status":"publish","type":"product","link":"https:\/\/bbpower.pl\/?product=rlm-16-c","title":{"rendered":"Rura RLM 16 CZARNA AKS ZIELONKA"},"content":{"rendered":"<div class=\"mpof_ki myre_zn myre_8v_l m389_6m_l\">\n<div class=\"mp4t_16_s mryx_16_s mr3m_1 mli2_1 mh85_56 mh85_0_l\">\n<div class=\"app-container\">\n<div class=\"mgn2_14 mp0t_0a mqu1_21 mli8_k4 mgmw_wo msts_pt _0d3bd_K6Qpj\">\n<div class=\"\">\n<div class=\"mpof_ki myre_zn myre_8v_l m389_6m_l\">\n<div class=\"mp4t_16_s mryx_16_s mr3m_1 mli2_1 mh85_56 mh85_0_l\">\n<div class=\"mgn2_16 _0d3bd_am0a-\">\n<p><b>Rura elektroinstalacyjna g\u0142adka z kielichem RLm-16 2m czarna<\/b><\/p>\n<p><b>1szt = 2mb<\/b><\/p>\n<p><b>Dane techniczne:<\/b><\/p>\n<ul>\n<li>D\u0142ugo\u015b\u0107: <b>2m<\/b><\/li>\n<li>Rozmiar: <b>\u00d816X2000<\/b><\/li>\n<li>\u015arednica zewn\u0119trzna : 16<b>mm<\/b><\/li>\n<li>Grubo\u015b\u0107 \u015bcianki:<b> 1,2mm<\/b><\/li>\n<li>Wytrzyma\u0142o\u015b\u0107 na nacisk: <b>320 N\/5cm<\/b><\/li>\n<li>Materia\u0142: <b>PVC-U<\/b><\/li>\n<li>Palno\u015b\u0107: <b>V1-V0<\/b><\/li>\n<li>Kolor: <b>czarny<\/b><\/li>\n<li>Temperatura pracy: <b>-5\/+60\u2103<\/b><\/li>\n<li><b>Odporno\u015b\u0107 UV: w klimacie umiarkowanym<\/b><\/li>\n<li><b>zgodny z dyrektyw\u0105 RoHS<\/b><\/li>\n<li>Ilo\u015b\u0107 w opakowaniu zbiorczym: 3<b>0m<\/b><\/li>\n<li><b>polski producent<\/b><\/li>\n<\/ul>\n<\/div>\n<\/div>\n<\/div>\n<div class=\"mpof_ki myre_zn myre_8v_l m389_6m_l\">\n<div class=\"mp4t_16_s mryx_16_s mr3m_1 mli2_1 mh85_56 mh85_0_l\">\n<div class=\"mgn2_16 _0d3bd_am0a-\">\n<h2>1szt=2m<\/h2>\n<h2>Rura elektroinstalacyjna RLM 16C:<\/h2>\n<ul>\n<li>lekka<\/li>\n<li>sztywna<\/li>\n<li>g\u0142adka<\/li>\n<li>kielichowata<\/li>\n<li>\u0142\u0105czona<\/li>\n<\/ul>\n<p><b>Do \u0142\u0105czenia prostego &#8211; wchodzi jedna w drug\u0105.<\/b><\/p>\n<\/div>\n<\/div>\n<\/div>\n<div class=\"mpof_ki myre_zn myre_8v_l m389_6m_l\">\n<div class=\"mp4t_16_s mryx_16_s mr3m_1 mli2_1 mh85_56 mh85_0_l\">\n<div class=\"mg9e_8 mj7a_8 mg9e_0_s mvrt_0_s mj7a_0_s mh36_0_s mzmg_6m munh_16_l m3h2_16_l\">\n<div class=\"mp4t_0 mryx_0 munh_56 m3h2_56\">\n<div class=\"mp7g_oh\"><img decoding=\"async\" class=\"msub_k4 mupj_5k mjru_k4 mse2_k4 mp7g_f6 mq1m_0 mj7u_0 m7er_k4 lazyloaded\" src=\"https:\/\/a.allegroimg.com\/original\/11d515\/41aa777445a0b752bf10299fbc42\/Rura-elektroinstalacyjna-RLM-25-AKS-Zielonka-444181-2-m-czarna-20mb\" sizes=\"(min-width: 1200px) 560px, (min-width: 992px) 50vw, 100vw\" srcset=\"https:\/\/a.allegroimg.com\/s360\/11d515\/41aa777445a0b752bf10299fbc42\/Rura-elektroinstalacyjna-RLM-25-AKS-Zielonka-444181-2-m-czarna-20mb 360w,https:\/\/a.allegroimg.com\/s720\/11d515\/41aa777445a0b752bf10299fbc42\/Rura-elektroinstalacyjna-RLM-25-AKS-Zielonka-444181-2-m-czarna-20mb 430w,https:\/\/a.allegroimg.com\/original\/11d515\/41aa777445a0b752bf10299fbc42\/Rura-elektroinstalacyjna-RLM-25-AKS-Zielonka-444181-2-m-czarna-20mb 430w\" alt=\"Rura elektroinstalacyjna RLM 25 AKS Zielonka 444181 2 m czarna 20mb\" width=\"430px\" data-src=\"https:\/\/a.allegroimg.com\/original\/11d515\/41aa777445a0b752bf10299fbc42\/Rura-elektroinstalacyjna-RLM-25-AKS-Zielonka-444181-2-m-czarna-20mb\" data-srcset=\"https:\/\/a.allegroimg.com\/s360\/11d515\/41aa777445a0b752bf10299fbc42\/Rura-elektroinstalacyjna-RLM-25-AKS-Zielonka-444181-2-m-czarna-20mb 360w,https:\/\/a.allegroimg.com\/s720\/11d515\/41aa777445a0b752bf10299fbc42\/Rura-elektroinstalacyjna-RLM-25-AKS-Zielonka-444181-2-m-czarna-20mb 430w,https:\/\/a.allegroimg.com\/original\/11d515\/41aa777445a0b752bf10299fbc42\/Rura-elektroinstalacyjna-RLM-25-AKS-Zielonka-444181-2-m-czarna-20mb 430w\" \/><\/div>\n<\/div>\n<\/div>\n<\/div>\n<div class=\"mp4t_16_s mryx_16_s mr3m_1 mli2_1 mh85_56 mh85_0_l\">\n<div class=\"mgn2_16 _0d3bd_am0a-\">\n<h2>Zastosowanie:<\/h2>\n<p><b><\/b> Do mocowania rur s\u0142u\u017c\u0105 <b>uchwyty zamykane UZ<\/b>.<\/p>\n<p>Uchwyty te posiadaj\u0105 specjalne zaczepy uniemo\u017cliwiaj\u0105ce wysuwanie si\u0119 rur z uchwyt\u00f3w. Z\u0142\u0105cze kielichowe jest po\u0142\u0105czeniem roz\u0142\u0105cznym, umo\u017cliwiaj\u0105cym wzajemne przesuni\u0119cie i wyd\u0142u\u017canie cz\u0119\u015bci instalacji. Do \u0142\u0105czenia rur pod dowolnym k\u0105tem s\u0142u\u017c\u0105 natomiast <b>z\u0142\u0105czki karbowane ZCL.<\/b><\/p>\n<\/div>\n<\/div>\n<\/div>\n<div class=\"mpof_ki myre_zn myre_8v_l m389_6m_l\">\n<div class=\"mp4t_16_s mryx_16_s mr3m_1 mli2_1 mh85_56 mh85_0_l\">\n<div class=\"mg9e_8 mj7a_8 mg9e_0_s mvrt_0_s mj7a_0_s mh36_0_s mzmg_6m munh_16_l m3h2_16_l\">\n<div class=\"mp4t_0 mryx_0 munh_56 m3h2_56\">\n<div class=\"mp7g_oh\"><img decoding=\"async\" class=\"msub_k4 mupj_5k mjru_k4 mse2_k4 mp7g_f6 mq1m_0 mj7u_0 m7er_k4 lazyloaded\" src=\"https:\/\/a.allegroimg.com\/original\/1163f9\/be207748439fb5a4b5dc01888c1b\/Rura-elektroinstalacyjna-RLM-25-AKS-Zielonka-444181-2-m-czarna-20mb-EAN-GTIN-5902854560363\" sizes=\"100vw\" srcset=\"https:\/\/a.allegroimg.com\/s360\/1163f9\/be207748439fb5a4b5dc01888c1b\/Rura-elektroinstalacyjna-RLM-25-AKS-Zielonka-444181-2-m-czarna-20mb-EAN-GTIN-5902854560363 360w,https:\/\/a.allegroimg.com\/s720\/1163f9\/be207748439fb5a4b5dc01888c1b\/Rura-elektroinstalacyjna-RLM-25-AKS-Zielonka-444181-2-m-czarna-20mb-EAN-GTIN-5902854560363 599w,https:\/\/a.allegroimg.com\/original\/1163f9\/be207748439fb5a4b5dc01888c1b\/Rura-elektroinstalacyjna-RLM-25-AKS-Zielonka-444181-2-m-czarna-20mb-EAN-GTIN-5902854560363 599w\" alt=\"Rura elektroinstalacyjna RLM 25 AKS Zielonka 444181 2 m czarna 20mb EAN (GTIN) 5902854560363\" width=\"599px\" data-src=\"https:\/\/a.allegroimg.com\/original\/1163f9\/be207748439fb5a4b5dc01888c1b\/Rura-elektroinstalacyjna-RLM-25-AKS-Zielonka-444181-2-m-czarna-20mb-EAN-GTIN-5902854560363\" data-srcset=\"https:\/\/a.allegroimg.com\/s360\/1163f9\/be207748439fb5a4b5dc01888c1b\/Rura-elektroinstalacyjna-RLM-25-AKS-Zielonka-444181-2-m-czarna-20mb-EAN-GTIN-5902854560363 360w,https:\/\/a.allegroimg.com\/s720\/1163f9\/be207748439fb5a4b5dc01888c1b\/Rura-elektroinstalacyjna-RLM-25-AKS-Zielonka-444181-2-m-czarna-20mb-EAN-GTIN-5902854560363 599w,https:\/\/a.allegroimg.com\/original\/1163f9\/be207748439fb5a4b5dc01888c1b\/Rura-elektroinstalacyjna-RLM-25-AKS-Zielonka-444181-2-m-czarna-20mb-EAN-GTIN-5902854560363 599w\" \/><\/div>\n<\/div>\n<\/div>\n<\/div>\n<\/div>\n<\/div>\n<\/div>\n<\/div>\n<\/div>\n<\/div>\n","protected":false},"excerpt":{"rendered":"<p>Rura RLM 16 CZARNA AKS ZIELONKA<\/p>\n","protected":false},"featured_media":558,"comment_status":"open","ping_status":"closed","template":"","meta":[],"product_brand":[27],"product_cat":[28],"product_tag":[33,25,24],"class_list":{"0":"post-572","1":"product","2":"type-product","3":"status-publish","4":"has-post-thumbnail","6":"product_brand-aks","7":"product_cat-rurki-pcv","8":"product_tag-33","9":"product_tag-aks","10":"product_tag-rlm","11":"product_shipping_class-rurki-do-30szt","13":"first","14":"instock","15":"shipping-taxable","16":"purchasable","17":"product-type-simple"},"yoast_head":"<!-- This site is optimized with the Yoast SEO plugin v24.4 - https:\/\/yoast.com\/wordpress\/plugins\/seo\/ -->\n<title>Rura RLM 16 CZARNA AKS ZIELONKA - BB POWER - Centrum Elektryczne | Poraj<\/title>\n<meta name=\"description\" content=\"Rura RLM 16 CZARNA AKS ZIELONKA\" \/>\n<meta name=\"robots\" content=\"index, follow, max-snippet:-1, max-image-preview:large, max-video-preview:-1\" \/>\n<link rel=\"canonical\" href=\"https:\/\/bbpower.pl\/?product=rlm-16-c\" \/>\n<meta property=\"og:locale\" content=\"pl_PL\" \/>\n<meta property=\"og:type\" content=\"article\" \/>\n<meta property=\"og:title\" content=\"Rura RLM 16 CZARNA AKS ZIELONKA - BB POWER - Centrum Elektryczne | Poraj\" \/>\n<meta property=\"og:description\" content=\"Rura RLM 16 CZARNA AKS ZIELONKA\" \/>\n<meta property=\"og:url\" content=\"https:\/\/bbpower.pl\/?product=rlm-16-c\" \/>\n<meta property=\"og:site_name\" content=\"BB POWER - Centrum Elektryczne | Poraj\" \/>\n<meta property=\"article:publisher\" content=\"https:\/\/www.facebook.com\/profile.php?id=61564502507751\" \/>\n<meta property=\"article:modified_time\" content=\"2025-02-19T09:31:09+00:00\" \/>\n<meta property=\"og:image\" content=\"https:\/\/bbpower.pl\/wp-content\/uploads\/2025\/02\/obraz_2025-02-18_093851052.png\" \/>\n\t<meta property=\"og:image:width\" content=\"647\" \/>\n\t<meta property=\"og:image:height\" content=\"653\" \/>\n\t<meta property=\"og:image:type\" content=\"image\/png\" \/>\n<meta name=\"twitter:card\" content=\"summary_large_image\" \/>\n<meta name=\"twitter:label1\" content=\"Szacowany czas czytania\" \/>\n\t<meta name=\"twitter:data1\" content=\"2 minuty\" \/>\n<script type=\"application\/ld+json\" class=\"yoast-schema-graph\">{\"@context\":\"https:\/\/schema.org\",\"@graph\":[{\"@type\":\"WebPage\",\"@id\":\"https:\/\/bbpower.pl\/?product=rlm-16-c\",\"url\":\"https:\/\/bbpower.pl\/?product=rlm-16-c\",\"name\":\"Rura RLM 16 CZARNA AKS ZIELONKA - BB POWER - Centrum Elektryczne | Poraj\",\"isPartOf\":{\"@id\":\"https:\/\/bbpower.pl\/#website\"},\"primaryImageOfPage\":{\"@id\":\"https:\/\/bbpower.pl\/?product=rlm-16-c#primaryimage\"},\"image\":{\"@id\":\"https:\/\/bbpower.pl\/?product=rlm-16-c#primaryimage\"},\"thumbnailUrl\":\"https:\/\/bbpower.pl\/wp-content\/uploads\/2025\/02\/obraz_2025-02-18_093851052.png\",\"datePublished\":\"2025-02-19T08:17:18+00:00\",\"dateModified\":\"2025-02-19T09:31:09+00:00\",\"description\":\"Rura RLM 16 CZARNA AKS ZIELONKA\",\"breadcrumb\":{\"@id\":\"https:\/\/bbpower.pl\/?product=rlm-16-c#breadcrumb\"},\"inLanguage\":\"pl-PL\",\"potentialAction\":[{\"@type\":\"ReadAction\",\"target\":[\"https:\/\/bbpower.pl\/?product=rlm-16-c\"]}]},{\"@type\":\"ImageObject\",\"inLanguage\":\"pl-PL\",\"@id\":\"https:\/\/bbpower.pl\/?product=rlm-16-c#primaryimage\",\"url\":\"https:\/\/bbpower.pl\/wp-content\/uploads\/2025\/02\/obraz_2025-02-18_093851052.png\",\"contentUrl\":\"https:\/\/bbpower.pl\/wp-content\/uploads\/2025\/02\/obraz_2025-02-18_093851052.png\",\"width\":647,\"height\":653},{\"@type\":\"BreadcrumbList\",\"@id\":\"https:\/\/bbpower.pl\/?product=rlm-16-c#breadcrumb\",\"itemListElement\":[{\"@type\":\"ListItem\",\"position\":1,\"name\":\"Strona g\u0142\u00f3wna\",\"item\":\"https:\/\/bbpower.pl\/\"},{\"@type\":\"ListItem\",\"position\":2,\"name\":\"Produkty\",\"item\":\"https:\/\/bbpower.pl\/?post_type=product\"},{\"@type\":\"ListItem\",\"position\":3,\"name\":\"Rura RLM 16 CZARNA AKS ZIELONKA\"}]},{\"@type\":\"WebSite\",\"@id\":\"https:\/\/bbpower.pl\/#website\",\"url\":\"https:\/\/bbpower.pl\/\",\"name\":\"BB POWER - Centrum Elektryczne | Poraj\",\"description\":\"Najlepszy sklep elektryczny w Poraju!\",\"publisher\":{\"@id\":\"https:\/\/bbpower.pl\/#organization\"},\"potentialAction\":[{\"@type\":\"SearchAction\",\"target\":{\"@type\":\"EntryPoint\",\"urlTemplate\":\"https:\/\/bbpower.pl\/?s={search_term_string}\"},\"query-input\":{\"@type\":\"PropertyValueSpecification\",\"valueRequired\":true,\"valueName\":\"search_term_string\"}}],\"inLanguage\":\"pl-PL\"},{\"@type\":\"Organization\",\"@id\":\"https:\/\/bbpower.pl\/#organization\",\"name\":\"BB POWER - Centrum Elektryczne | Poraj\",\"url\":\"https:\/\/bbpower.pl\/\",\"logo\":{\"@type\":\"ImageObject\",\"inLanguage\":\"pl-PL\",\"@id\":\"https:\/\/bbpower.pl\/#\/schema\/logo\/image\/\",\"url\":\"https:\/\/bbpower.pl\/wp-content\/uploads\/2024\/09\/logo-1.png\",\"contentUrl\":\"https:\/\/bbpower.pl\/wp-content\/uploads\/2024\/09\/logo-1.png\",\"width\":60,\"height\":60,\"caption\":\"BB POWER - Centrum Elektryczne | Poraj\"},\"image\":{\"@id\":\"https:\/\/bbpower.pl\/#\/schema\/logo\/image\/\"},\"sameAs\":[\"https:\/\/www.facebook.com\/profile.php?id=61564502507751\"]}]}<\/script>\n<!-- \/ Yoast SEO plugin. -->","yoast_head_json":{"title":"Rura RLM 16 CZARNA AKS ZIELONKA - BB POWER - Centrum Elektryczne | Poraj","description":"Rura RLM 16 CZARNA AKS ZIELONKA","robots":{"index":"index","follow":"follow","max-snippet":"max-snippet:-1","max-image-preview":"max-image-preview:large","max-video-preview":"max-video-preview:-1"},"canonical":"https:\/\/bbpower.pl\/?product=rlm-16-c","og_locale":"pl_PL","og_type":"article","og_title":"Rura RLM 16 CZARNA AKS ZIELONKA - BB POWER - Centrum Elektryczne | Poraj","og_description":"Rura RLM 16 CZARNA AKS ZIELONKA","og_url":"https:\/\/bbpower.pl\/?product=rlm-16-c","og_site_name":"BB POWER - Centrum Elektryczne | Poraj","article_publisher":"https:\/\/www.facebook.com\/profile.php?id=61564502507751","article_modified_time":"2025-02-19T09:31:09+00:00","og_image":[{"width":647,"height":653,"url":"https:\/\/bbpower.pl\/wp-content\/uploads\/2025\/02\/obraz_2025-02-18_093851052.png","type":"image\/png"}],"twitter_card":"summary_large_image","twitter_misc":{"Szacowany czas czytania":"2 minuty"},"schema":{"@context":"https:\/\/schema.org","@graph":[{"@type":"WebPage","@id":"https:\/\/bbpower.pl\/?product=rlm-16-c","url":"https:\/\/bbpower.pl\/?product=rlm-16-c","name":"Rura RLM 16 CZARNA AKS ZIELONKA - BB POWER - Centrum Elektryczne | Poraj","isPartOf":{"@id":"https:\/\/bbpower.pl\/#website"},"primaryImageOfPage":{"@id":"https:\/\/bbpower.pl\/?product=rlm-16-c#primaryimage"},"image":{"@id":"https:\/\/bbpower.pl\/?product=rlm-16-c#primaryimage"},"thumbnailUrl":"https:\/\/bbpower.pl\/wp-content\/uploads\/2025\/02\/obraz_2025-02-18_093851052.png","datePublished":"2025-02-19T08:17:18+00:00","dateModified":"2025-02-19T09:31:09+00:00","description":"Rura RLM 16 CZARNA AKS ZIELONKA","breadcrumb":{"@id":"https:\/\/bbpower.pl\/?product=rlm-16-c#breadcrumb"},"inLanguage":"pl-PL","potentialAction":[{"@type":"ReadAction","target":["https:\/\/bbpower.pl\/?product=rlm-16-c"]}]},{"@type":"ImageObject","inLanguage":"pl-PL","@id":"https:\/\/bbpower.pl\/?product=rlm-16-c#primaryimage","url":"https:\/\/bbpower.pl\/wp-content\/uploads\/2025\/02\/obraz_2025-02-18_093851052.png","contentUrl":"https:\/\/bbpower.pl\/wp-content\/uploads\/2025\/02\/obraz_2025-02-18_093851052.png","width":647,"height":653},{"@type":"BreadcrumbList","@id":"https:\/\/bbpower.pl\/?product=rlm-16-c#breadcrumb","itemListElement":[{"@type":"ListItem","position":1,"name":"Strona g\u0142\u00f3wna","item":"https:\/\/bbpower.pl\/"},{"@type":"ListItem","position":2,"name":"Produkty","item":"https:\/\/bbpower.pl\/?post_type=product"},{"@type":"ListItem","position":3,"name":"Rura RLM 16 CZARNA AKS ZIELONKA"}]},{"@type":"WebSite","@id":"https:\/\/bbpower.pl\/#website","url":"https:\/\/bbpower.pl\/","name":"BB POWER - Centrum Elektryczne | Poraj","description":"Najlepszy sklep elektryczny w Poraju!","publisher":{"@id":"https:\/\/bbpower.pl\/#organization"},"potentialAction":[{"@type":"SearchAction","target":{"@type":"EntryPoint","urlTemplate":"https:\/\/bbpower.pl\/?s={search_term_string}"},"query-input":{"@type":"PropertyValueSpecification","valueRequired":true,"valueName":"search_term_string"}}],"inLanguage":"pl-PL"},{"@type":"Organization","@id":"https:\/\/bbpower.pl\/#organization","name":"BB POWER - Centrum Elektryczne | Poraj","url":"https:\/\/bbpower.pl\/","logo":{"@type":"ImageObject","inLanguage":"pl-PL","@id":"https:\/\/bbpower.pl\/#\/schema\/logo\/image\/","url":"https:\/\/bbpower.pl\/wp-content\/uploads\/2024\/09\/logo-1.png","contentUrl":"https:\/\/bbpower.pl\/wp-content\/uploads\/2024\/09\/logo-1.png","width":60,"height":60,"caption":"BB POWER - Centrum Elektryczne | Poraj"},"image":{"@id":"https:\/\/bbpower.pl\/#\/schema\/logo\/image\/"},"sameAs":["https:\/\/www.facebook.com\/profile.php?id=61564502507751"]}]}},"_links":{"self":[{"href":"https:\/\/bbpower.pl\/index.php?rest_route=\/wp\/v2\/product\/572","targetHints":{"allow":["GET"]}}],"collection":[{"href":"https:\/\/bbpower.pl\/index.php?rest_route=\/wp\/v2\/product"}],"about":[{"href":"https:\/\/bbpower.pl\/index.php?rest_route=\/wp\/v2\/types\/product"}],"replies":[{"embeddable":true,"href":"https:\/\/bbpower.pl\/index.php?rest_route=%2Fwp%2Fv2%2Fcomments&post=572"}],"wp:featuredmedia":[{"embeddable":true,"href":"https:\/\/bbpower.pl\/index.php?rest_route=\/wp\/v2\/media\/558"}],"wp:attachment":[{"href":"https:\/\/bbpower.pl\/index.php?rest_route=%2Fwp%2Fv2%2Fmedia&parent=572"}],"wp:term":[{"taxonomy":"product_brand","embeddable":true,"href":"https:\/\/bbpower.pl\/index.php?rest_route=%2Fwp%2Fv2%2Fproduct_brand&post=572"},{"taxonomy":"product_cat","embeddable":true,"href":"https:\/\/bbpower.pl\/index.php?rest_route=%2Fwp%2Fv2%2Fproduct_cat&post=572"},{"taxonomy":"product_tag","embeddable":true,"href":"https:\/\/bbpower.pl\/index.php?rest_route=%2Fwp%2Fv2%2Fproduct_tag&post=572"}],"curies":[{"name":"wp","href":"https:\/\/api.w.org\/{rel}","templated":true}]}}