{"id":485,"date":"2025-01-29T10:50:20","date_gmt":"2025-01-29T09:50:20","guid":{"rendered":"https:\/\/bbpower.pl\/?page_id=485"},"modified":"2025-02-21T13:07:48","modified_gmt":"2025-02-21T12:07:48","slug":"koszyk","status":"publish","type":"page","link":"https:\/\/bbpower.pl\/?page_id=485","title":{"rendered":"Koszyk"},"content":{"rendered":"<div data-block-name=\"woocommerce\/cart\" class=\"wp-block-woocommerce-cart alignwide is-loading\"><div data-block-name=\"woocommerce\/filled-cart-block\" class=\"wp-block-woocommerce-filled-cart-block\"><div data-block-name=\"woocommerce\/cart-items-block\" class=\"wp-block-woocommerce-cart-items-block\"><div data-block-name=\"woocommerce\/cart-line-items-block\" class=\"wp-block-woocommerce-cart-line-items-block\"><\/div>\n\n<div data-block-name=\"woocommerce\/cart-cross-sells-block\" class=\"wp-block-woocommerce-cart-cross-sells-block\"><h2 class=\"wp-block-heading has-large-font-size\">Zobacz inne r\u00f3wnie interesuj\u0105ce\u2026<\/h2>\n\n<div data-block-name=\"woocommerce\/cart-cross-sells-products-block\" class=\"wp-block-woocommerce-cart-cross-sells-products-block\"><\/div><\/div><\/div>\n\n<div data-block-name=\"woocommerce\/cart-totals-block\" class=\"wp-block-woocommerce-cart-totals-block\"><div data-block-name=\"woocommerce\/cart-order-summary-block\" class=\"wp-block-woocommerce-cart-order-summary-block\"><div data-block-name=\"woocommerce\/cart-order-summary-heading-block\" class=\"wp-block-woocommerce-cart-order-summary-heading-block\"><\/div><div data-block-name=\"woocommerce\/cart-order-summary-coupon-form-block\" class=\"wp-block-woocommerce-cart-order-summary-coupon-form-block\"><\/div><div data-block-name=\"woocommerce\/cart-order-summary-totals-block\" class=\"wp-block-woocommerce-cart-order-summary-totals-block\">\n<div data-block-name=\"woocommerce\/cart-order-summary-subtotal-block\" class=\"wp-block-woocommerce-cart-order-summary-subtotal-block\"><\/div>\n<div data-block-name=\"woocommerce\/cart-order-summary-discount-block\" class=\"wp-block-woocommerce-cart-order-summary-discount-block\"><\/div>\n<div data-block-name=\"woocommerce\/cart-order-summary-fee-block\" class=\"wp-block-woocommerce-cart-order-summary-fee-block\"><\/div>\n<div data-block-name=\"woocommerce\/cart-order-summary-shipping-block\" class=\"wp-block-woocommerce-cart-order-summary-shipping-block\"><\/div>\n<div data-block-name=\"woocommerce\/cart-order-summary-taxes-block\" class=\"wp-block-woocommerce-cart-order-summary-taxes-block\"><\/div><\/div><\/div>\n\n<div data-block-name=\"woocommerce\/cart-express-payment-block\" class=\"wp-block-woocommerce-cart-express-payment-block\"><\/div>\n\n<div data-block-name=\"woocommerce\/proceed-to-checkout-block\" class=\"wp-block-woocommerce-proceed-to-checkout-block\"><\/div>\n\n<div data-block-name=\"woocommerce\/cart-accepted-payment-methods-block\" class=\"wp-block-woocommerce-cart-accepted-payment-methods-block\"><\/div><\/div><\/div>\n\n<div data-block-name=\"woocommerce\/empty-cart-block\" class=\"wp-block-woocommerce-empty-cart-block\"><h2 class=\"wp-block-heading has-text-align-center with-empty-cart-icon wc-block-cart__empty-cart__title\">Tw\u00f3j koszyk jest obecnie pusty!<\/h2>\n\n<hr class=\"wp-block-separator has-alpha-channel-opacity is-style-dots\"\/>\n\n<h2 class=\"wp-block-heading has-text-align-center\">Nowe w sklepie<\/h2>\n\n<div data-block-name=\"woocommerce\/product-new\" data-columns=\"4\" data-rows=\"1\" class=\"wc-block-grid wp-block-product-new wp-block-woocommerce-product-new wc-block-product-new has-4-columns\"><ul class=\"wc-block-grid__products\"><li class=\"wc-block-grid__product\">\n\t\t\t\t<a href=\"https:\/\/bbpower.pl\/?product=zcl-16-biala\" class=\"wc-block-grid__product-link\">\n\t\t\t\t\t\n\t\t\t\t\t<div class=\"wc-block-grid__product-image\"><img decoding=\"async\" width=\"200\" height=\"192\" src=\"https:\/\/bbpower.pl\/wp-content\/uploads\/2025\/02\/pol_is_AKS-Zielonka-Zlaczka-elastyczna-Kompensacyjna-Karbowana-ZCL-22mm-10szt-13277.jpg\" class=\"attachment-woocommerce_thumbnail size-woocommerce_thumbnail\" alt=\"Bia\u0142a z\u0142\u0105czka karbowana \u0142\u0105cznik ZCL-16 do rur RL i peszeli\" \/><\/div>\n\t\t\t\t\t<div class=\"wc-block-grid__product-title\">Bia\u0142a z\u0142\u0105czka karbowana \u0142\u0105cznik ZCL-16 do rur RL i peszeli<\/div>\n\t\t\t\t<\/a>\n\t\t\t\t<div class=\"wc-block-grid__product-price price\"><span class=\"woocommerce-Price-amount amount\">0,80&nbsp;<span class=\"woocommerce-Price-currencySymbol\">&#122;&#322;<\/span><\/span><\/div>\n\t\t\t\t\n\t\t\t\t<div class=\"wp-block-button wc-block-grid__product-add-to-cart\"><a href=\"?add-to-cart=599\" aria-label=\"Dodaj do koszyka: &bdquo;Bia\u0142a z\u0142\u0105czka karbowana \u0142\u0105cznik ZCL-16 do rur RL i peszeli&rdquo;\" data-quantity=\"1\" data-product_id=\"599\" data-product_sku=\"\" data-price=\"0.8\" rel=\"nofollow\" class=\"wp-block-button__link wp-element-button add_to_cart_button ajax_add_to_cart\">Dodaj do koszyka<\/a><\/div>\n\t\t\t<\/li><li class=\"wc-block-grid__product\">\n\t\t\t\t<a href=\"https:\/\/bbpower.pl\/?product=zcl-20-biala\" class=\"wc-block-grid__product-link\">\n\t\t\t\t\t\n\t\t\t\t\t<div class=\"wc-block-grid__product-image\"><img decoding=\"async\" width=\"200\" height=\"192\" src=\"https:\/\/bbpower.pl\/wp-content\/uploads\/2025\/02\/pol_is_AKS-Zielonka-Zlaczka-elastyczna-Kompensacyjna-Karbowana-ZCL-22mm-10szt-13277.jpg\" class=\"attachment-woocommerce_thumbnail size-woocommerce_thumbnail\" alt=\"Bia\u0142a z\u0142\u0105czka karbowana \u0142\u0105cznik ZCL-20 do rur RL i peszeli\" \/><\/div>\n\t\t\t\t\t<div class=\"wc-block-grid__product-title\">Bia\u0142a z\u0142\u0105czka karbowana \u0142\u0105cznik ZCL-20 do rur RL i peszeli<\/div>\n\t\t\t\t<\/a>\n\t\t\t\t<div class=\"wc-block-grid__product-price price\"><span class=\"woocommerce-Price-amount amount\">1,00&nbsp;<span class=\"woocommerce-Price-currencySymbol\">&#122;&#322;<\/span><\/span><\/div>\n\t\t\t\t\n\t\t\t\t<div class=\"wp-block-button wc-block-grid__product-add-to-cart\"><a href=\"?add-to-cart=598\" aria-label=\"Dodaj do koszyka: &bdquo;Bia\u0142a z\u0142\u0105czka karbowana \u0142\u0105cznik ZCL-20 do rur RL i peszeli&rdquo;\" data-quantity=\"1\" data-product_id=\"598\" data-product_sku=\"\" data-price=\"1\" rel=\"nofollow\" class=\"wp-block-button__link wp-element-button add_to_cart_button ajax_add_to_cart\">Dodaj do koszyka<\/a><\/div>\n\t\t\t<\/li><li class=\"wc-block-grid__product\">\n\t\t\t\t<a href=\"https:\/\/bbpower.pl\/?product=zcl-25-biala\" class=\"wc-block-grid__product-link\">\n\t\t\t\t\t\n\t\t\t\t\t<div class=\"wc-block-grid__product-image\"><img decoding=\"async\" width=\"200\" height=\"192\" src=\"https:\/\/bbpower.pl\/wp-content\/uploads\/2025\/02\/pol_is_AKS-Zielonka-Zlaczka-elastyczna-Kompensacyjna-Karbowana-ZCL-22mm-10szt-13277.jpg\" class=\"attachment-woocommerce_thumbnail size-woocommerce_thumbnail\" alt=\"Bia\u0142a z\u0142\u0105czka karbowana \u0142\u0105cznik ZCL-25 do rur RL i peszeli\" \/><\/div>\n\t\t\t\t\t<div class=\"wc-block-grid__product-title\">Bia\u0142a z\u0142\u0105czka karbowana \u0142\u0105cznik ZCL-25 do rur RL i peszeli<\/div>\n\t\t\t\t<\/a>\n\t\t\t\t<div class=\"wc-block-grid__product-price price\"><span class=\"woocommerce-Price-amount amount\">1,16&nbsp;<span class=\"woocommerce-Price-currencySymbol\">&#122;&#322;<\/span><\/span><\/div>\n\t\t\t\t\n\t\t\t\t<div class=\"wp-block-button wc-block-grid__product-add-to-cart\"><a href=\"?add-to-cart=597\" aria-label=\"Dodaj do koszyka: &bdquo;Bia\u0142a z\u0142\u0105czka karbowana \u0142\u0105cznik ZCL-25 do rur RL i peszeli&rdquo;\" data-quantity=\"1\" data-product_id=\"597\" data-product_sku=\"\" data-price=\"1.16\" rel=\"nofollow\" class=\"wp-block-button__link wp-element-button add_to_cart_button ajax_add_to_cart\">Dodaj do koszyka<\/a><\/div>\n\t\t\t<\/li><li class=\"wc-block-grid__product\">\n\t\t\t\t<a href=\"https:\/\/bbpower.pl\/?product=zcl-32-biala\" class=\"wc-block-grid__product-link\">\n\t\t\t\t\t\n\t\t\t\t\t<div class=\"wc-block-grid__product-image\"><img loading=\"lazy\" decoding=\"async\" width=\"200\" height=\"192\" src=\"https:\/\/bbpower.pl\/wp-content\/uploads\/2025\/02\/pol_is_AKS-Zielonka-Zlaczka-elastyczna-Kompensacyjna-Karbowana-ZCL-22mm-10szt-13277.jpg\" class=\"attachment-woocommerce_thumbnail size-woocommerce_thumbnail\" alt=\"Bia\u0142a z\u0142\u0105czka karbowana \u0142\u0105cznik ZCL-32 do rur RL i peszeli\" \/><\/div>\n\t\t\t\t\t<div class=\"wc-block-grid__product-title\">Bia\u0142a z\u0142\u0105czka karbowana \u0142\u0105cznik ZCL-32 do rur RL i peszeli<\/div>\n\t\t\t\t<\/a>\n\t\t\t\t<div class=\"wc-block-grid__product-price price\"><span class=\"woocommerce-Price-amount amount\">0,80&nbsp;<span class=\"woocommerce-Price-currencySymbol\">&#122;&#322;<\/span><\/span><\/div>\n\t\t\t\t\n\t\t\t\t<div class=\"wp-block-button wc-block-grid__product-add-to-cart\"><a href=\"?add-to-cart=595\" aria-label=\"Dodaj do koszyka: &bdquo;Bia\u0142a z\u0142\u0105czka karbowana \u0142\u0105cznik ZCL-32 do rur RL i peszeli&rdquo;\" data-quantity=\"1\" data-product_id=\"595\" data-product_sku=\"\" data-price=\"0.8\" rel=\"nofollow\" class=\"wp-block-button__link wp-element-button add_to_cart_button ajax_add_to_cart\">Dodaj do koszyka<\/a><\/div>\n\t\t\t<\/li><\/ul><\/div><\/div><\/div>","protected":false},"excerpt":{"rendered":"","protected":false},"author":1,"featured_media":0,"parent":0,"menu_order":0,"comment_status":"closed","ping_status":"closed","template":"","meta":{"footnotes":""},"class_list":["post-485","page","type-page","status-publish","hentry"],"yoast_head":"<!-- This site is optimized with the Yoast SEO plugin v24.4 - https:\/\/yoast.com\/wordpress\/plugins\/seo\/ -->\n<title>Koszyk - BB POWER - Centrum Elektryczne | Poraj<\/title>\n<meta name=\"robots\" content=\"index, follow, max-snippet:-1, max-image-preview:large, max-video-preview:-1\" \/>\n<link rel=\"canonical\" href=\"https:\/\/bbpower.pl\/?page_id=485\" \/>\n<meta property=\"og:locale\" content=\"pl_PL\" \/>\n<meta property=\"og:type\" content=\"article\" \/>\n<meta property=\"og:title\" content=\"Koszyk - BB POWER - Centrum Elektryczne | Poraj\" \/>\n<meta property=\"og:url\" content=\"https:\/\/bbpower.pl\/?page_id=485\" \/>\n<meta property=\"og:site_name\" content=\"BB POWER - Centrum Elektryczne | Poraj\" \/>\n<meta property=\"article:publisher\" content=\"https:\/\/www.facebook.com\/profile.php?id=61564502507751\" \/>\n<meta property=\"article:modified_time\" content=\"2025-02-21T12:07:48+00:00\" \/>\n<meta name=\"twitter:card\" content=\"summary_large_image\" \/>\n<script type=\"application\/ld+json\" class=\"yoast-schema-graph\">{\"@context\":\"https:\/\/schema.org\",\"@graph\":[{\"@type\":\"WebPage\",\"@id\":\"https:\/\/bbpower.pl\/?page_id=485\",\"url\":\"https:\/\/bbpower.pl\/?page_id=485\",\"name\":\"Koszyk - BB POWER - Centrum Elektryczne | Poraj\",\"isPartOf\":{\"@id\":\"https:\/\/bbpower.pl\/#website\"},\"datePublished\":\"2025-01-29T09:50:20+00:00\",\"dateModified\":\"2025-02-21T12:07:48+00:00\",\"breadcrumb\":{\"@id\":\"https:\/\/bbpower.pl\/?page_id=485#breadcrumb\"},\"inLanguage\":\"pl-PL\",\"potentialAction\":[{\"@type\":\"ReadAction\",\"target\":[\"https:\/\/bbpower.pl\/?page_id=485\"]}]},{\"@type\":\"BreadcrumbList\",\"@id\":\"https:\/\/bbpower.pl\/?page_id=485#breadcrumb\",\"itemListElement\":[{\"@type\":\"ListItem\",\"position\":1,\"name\":\"Strona g\u0142\u00f3wna\",\"item\":\"https:\/\/bbpower.pl\/\"},{\"@type\":\"ListItem\",\"position\":2,\"name\":\"Koszyk\"}]},{\"@type\":\"WebSite\",\"@id\":\"https:\/\/bbpower.pl\/#website\",\"url\":\"https:\/\/bbpower.pl\/\",\"name\":\"BB POWER - Centrum Elektryczne | Poraj\",\"description\":\"Najlepszy sklep elektryczny w Poraju!\",\"publisher\":{\"@id\":\"https:\/\/bbpower.pl\/#organization\"},\"potentialAction\":[{\"@type\":\"SearchAction\",\"target\":{\"@type\":\"EntryPoint\",\"urlTemplate\":\"https:\/\/bbpower.pl\/?s={search_term_string}\"},\"query-input\":{\"@type\":\"PropertyValueSpecification\",\"valueRequired\":true,\"valueName\":\"search_term_string\"}}],\"inLanguage\":\"pl-PL\"},{\"@type\":\"Organization\",\"@id\":\"https:\/\/bbpower.pl\/#organization\",\"name\":\"BB POWER - Centrum Elektryczne | Poraj\",\"url\":\"https:\/\/bbpower.pl\/\",\"logo\":{\"@type\":\"ImageObject\",\"inLanguage\":\"pl-PL\",\"@id\":\"https:\/\/bbpower.pl\/#\/schema\/logo\/image\/\",\"url\":\"https:\/\/bbpower.pl\/wp-content\/uploads\/2024\/09\/logo-1.png\",\"contentUrl\":\"https:\/\/bbpower.pl\/wp-content\/uploads\/2024\/09\/logo-1.png\",\"width\":60,\"height\":60,\"caption\":\"BB POWER - Centrum Elektryczne | Poraj\"},\"image\":{\"@id\":\"https:\/\/bbpower.pl\/#\/schema\/logo\/image\/\"},\"sameAs\":[\"https:\/\/www.facebook.com\/profile.php?id=61564502507751\"]}]}<\/script>\n<!-- \/ Yoast SEO plugin. -->","yoast_head_json":{"title":"Koszyk - BB POWER - Centrum Elektryczne | Poraj","robots":{"index":"index","follow":"follow","max-snippet":"max-snippet:-1","max-image-preview":"max-image-preview:large","max-video-preview":"max-video-preview:-1"},"canonical":"https:\/\/bbpower.pl\/?page_id=485","og_locale":"pl_PL","og_type":"article","og_title":"Koszyk - BB POWER - Centrum Elektryczne | Poraj","og_url":"https:\/\/bbpower.pl\/?page_id=485","og_site_name":"BB POWER - Centrum Elektryczne | Poraj","article_publisher":"https:\/\/www.facebook.com\/profile.php?id=61564502507751","article_modified_time":"2025-02-21T12:07:48+00:00","twitter_card":"summary_large_image","schema":{"@context":"https:\/\/schema.org","@graph":[{"@type":"WebPage","@id":"https:\/\/bbpower.pl\/?page_id=485","url":"https:\/\/bbpower.pl\/?page_id=485","name":"Koszyk - BB POWER - Centrum Elektryczne | Poraj","isPartOf":{"@id":"https:\/\/bbpower.pl\/#website"},"datePublished":"2025-01-29T09:50:20+00:00","dateModified":"2025-02-21T12:07:48+00:00","breadcrumb":{"@id":"https:\/\/bbpower.pl\/?page_id=485#breadcrumb"},"inLanguage":"pl-PL","potentialAction":[{"@type":"ReadAction","target":["https:\/\/bbpower.pl\/?page_id=485"]}]},{"@type":"BreadcrumbList","@id":"https:\/\/bbpower.pl\/?page_id=485#breadcrumb","itemListElement":[{"@type":"ListItem","position":1,"name":"Strona g\u0142\u00f3wna","item":"https:\/\/bbpower.pl\/"},{"@type":"ListItem","position":2,"name":"Koszyk"}]},{"@type":"WebSite","@id":"https:\/\/bbpower.pl\/#website","url":"https:\/\/bbpower.pl\/","name":"BB POWER - Centrum Elektryczne | Poraj","description":"Najlepszy sklep elektryczny w Poraju!","publisher":{"@id":"https:\/\/bbpower.pl\/#organization"},"potentialAction":[{"@type":"SearchAction","target":{"@type":"EntryPoint","urlTemplate":"https:\/\/bbpower.pl\/?s={search_term_string}"},"query-input":{"@type":"PropertyValueSpecification","valueRequired":true,"valueName":"search_term_string"}}],"inLanguage":"pl-PL"},{"@type":"Organization","@id":"https:\/\/bbpower.pl\/#organization","name":"BB POWER - Centrum Elektryczne | Poraj","url":"https:\/\/bbpower.pl\/","logo":{"@type":"ImageObject","inLanguage":"pl-PL","@id":"https:\/\/bbpower.pl\/#\/schema\/logo\/image\/","url":"https:\/\/bbpower.pl\/wp-content\/uploads\/2024\/09\/logo-1.png","contentUrl":"https:\/\/bbpower.pl\/wp-content\/uploads\/2024\/09\/logo-1.png","width":60,"height":60,"caption":"BB POWER - Centrum Elektryczne | Poraj"},"image":{"@id":"https:\/\/bbpower.pl\/#\/schema\/logo\/image\/"},"sameAs":["https:\/\/www.facebook.com\/profile.php?id=61564502507751"]}]}},"_links":{"self":[{"href":"https:\/\/bbpower.pl\/index.php?rest_route=\/wp\/v2\/pages\/485","targetHints":{"allow":["GET"]}}],"collection":[{"href":"https:\/\/bbpower.pl\/index.php?rest_route=\/wp\/v2\/pages"}],"about":[{"href":"https:\/\/bbpower.pl\/index.php?rest_route=\/wp\/v2\/types\/page"}],"author":[{"embeddable":true,"href":"https:\/\/bbpower.pl\/index.php?rest_route=\/wp\/v2\/users\/1"}],"replies":[{"embeddable":true,"href":"https:\/\/bbpower.pl\/index.php?rest_route=%2Fwp%2Fv2%2Fcomments&post=485"}],"version-history":[{"count":1,"href":"https:\/\/bbpower.pl\/index.php?rest_route=\/wp\/v2\/pages\/485\/revisions"}],"predecessor-version":[{"id":546,"href":"https:\/\/bbpower.pl\/index.php?rest_route=\/wp\/v2\/pages\/485\/revisions\/546"}],"wp:attachment":[{"href":"https:\/\/bbpower.pl\/index.php?rest_route=%2Fwp%2Fv2%2Fmedia&parent=485"}],"curies":[{"name":"wp","href":"https:\/\/api.w.org\/{rel}","templated":true}]}}